{"id":851,"date":"2021-10-12T14:39:35","date_gmt":"2021-10-12T12:39:35","guid":{"rendered":"https:\/\/playlingolandia.com\/about-us\/"},"modified":"2021-10-12T14:39:38","modified_gmt":"2021-10-12T12:39:38","slug":"about-us","status":"publish","type":"page","link":"https:\/\/lingolandia.sk\/en\/about-us\/","title":{"rendered":"About us"},"content":{"rendered":"\t\t<div data-elementor-type=\"wp-page\" data-elementor-id=\"851\" class=\"elementor elementor-851 elementor-10\">\n\t\t\t\t\t\t\t\t\t<section class=\"elementor-section elementor-top-section elementor-element elementor-element-480f053e elementor-section-content-middle elementor-section-boxed elementor-section-height-default elementor-section-height-default\" data-id=\"480f053e\" data-element_type=\"section\" data-settings=\"{&quot;background_background&quot;:&quot;classic&quot;}\">\n\t\t\t\t\t\t<div class=\"elementor-container elementor-column-gap-default\">\n\t\t\t\t\t<div class=\"elementor-column elementor-col-50 elementor-top-column elementor-element elementor-element-2b83251b\" data-id=\"2b83251b\" data-element_type=\"column\">\n\t\t\t<div class=\"elementor-widget-wrap elementor-element-populated\">\n\t\t\t\t\t\t\t\t<div class=\"elementor-element elementor-element-a0af054 elementor-widget elementor-widget-image\" data-id=\"a0af054\" data-element_type=\"widget\" data-settings=\"{&quot;motion_fx_motion_fx_scrolling&quot;:&quot;yes&quot;,&quot;motion_fx_translateX_effect&quot;:&quot;yes&quot;,&quot;motion_fx_translateX_speed&quot;:{&quot;unit&quot;:&quot;px&quot;,&quot;size&quot;:1.100000000000000088817841970012523233890533447265625,&quot;sizes&quot;:[]},&quot;motion_fx_translateX_affectedRange&quot;:{&quot;unit&quot;:&quot;%&quot;,&quot;size&quot;:&quot;&quot;,&quot;sizes&quot;:{&quot;start&quot;:0,&quot;end&quot;:100}},&quot;motion_fx_devices&quot;:[&quot;desktop&quot;,&quot;tablet&quot;,&quot;mobile&quot;]}\" data-widget_type=\"image.default\">\n\t\t\t\t<div class=\"elementor-widget-container\">\n\t\t\t\t\t\t\t\t\t\t\t\t\t\t\t<img loading=\"lazy\" decoding=\"async\" width=\"500\" height=\"346\" src=\"https:\/\/lingolandia.sk\/wp-content\/uploads\/vtacik.png\" class=\"attachment-large size-large\" alt=\"\" \/>\t\t\t\t\t\t\t\t\t\t\t\t\t\t\t<\/div>\n\t\t\t\t<\/div>\n\t\t\t\t<div class=\"elementor-element elementor-element-ea12203 elementor-widget elementor-widget-text-editor\" data-id=\"ea12203\" data-element_type=\"widget\" data-widget_type=\"text-editor.default\">\n\t\t\t\t<div class=\"elementor-widget-container\">\n\t\t\t\t\t\t\t<p>Lingolandia was born in the head of Anna Rybovi\u010dov\u00e1 in 2017.<\/p>\n\t\t\t\t\t\t<\/div>\n\t\t\t\t<\/div>\n\t\t\t\t<div class=\"elementor-element elementor-element-f141735 elementor-widget elementor-widget-text-editor\" data-id=\"f141735\" data-element_type=\"widget\" data-widget_type=\"text-editor.default\">\n\t\t\t\t<div class=\"elementor-widget-container\">\n\t\t\t\t\t\t\t<p>Anka joins the world of the games from the financial sphere. She is an active mother of two children of the school age. So the children were her main inspiration.<\/p>\n\t\t\t\t\t\t<\/div>\n\t\t\t\t<\/div>\n\t\t\t\t<div class=\"elementor-element elementor-element-5dd41e3 elementor-widget elementor-widget-text-editor\" data-id=\"5dd41e3\" data-element_type=\"widget\" data-widget_type=\"text-editor.default\">\n\t\t\t\t<div class=\"elementor-widget-container\">\n\t\t\t\t\t\t\t<p>The aim was clear. Not only for her children, but also for the other children the aim was to create a board game that teaches in a playful way to look for the words for a given letter and so it develops imagination, stimulates critical thinking and expands the vocabulary. Moreover the game offers these benefits not only in the mother tongue, but also in the foreign languages, which are so essential for the contemporary world.<\/p>\n\t\t\t\t\t\t<\/div>\n\t\t\t\t<\/div>\n\t\t\t\t<div class=\"elementor-element elementor-element-04639e5 elementor-widget elementor-widget-text-editor\" data-id=\"04639e5\" data-element_type=\"widget\" data-widget_type=\"text-editor.default\">\n\t\t\t\t<div class=\"elementor-widget-container\">\n\t\t\t\t\t\t\t<p>It was not easy to open the door to the world of Lingolandia. We had to deal with many challenges, which were managed to cope with the joint efforts of Nina \u0160ef\u010dik. Thanks to its original graphics, the game acquired its face full of the colourful illustrations.<\/p>\n\t\t\t\t\t\t<\/div>\n\t\t\t\t<\/div>\n\t\t\t\t<div class=\"elementor-element elementor-element-896c347 elementor-widget elementor-widget-text-editor\" data-id=\"896c347\" data-element_type=\"widget\" data-widget_type=\"text-editor.default\">\n\t\t\t\t<div class=\"elementor-widget-container\">\n\t\t\t\t\t\t\t<p>Today, you can play the game with the whole family, which will guarantee you a unique language adventure.<\/p>\n\t\t\t\t\t\t<\/div>\n\t\t\t\t<\/div>\n\t\t\t\t<div class=\"elementor-element elementor-element-a8a3182 elementor-widget elementor-widget-text-editor\" data-id=\"a8a3182\" data-element_type=\"widget\" data-widget_type=\"text-editor.default\">\n\t\t\t\t<div class=\"elementor-widget-container\">\n\t\t\t\t\t\t\t<div>\u201cLingolandia is also my third child. I am glad that it was this idea that I really decided to implement and that I did not give up despite the obstacles on the way. Lingolandia is one big adventure for me, which allowed me to meet not only new amazing people, but also to learn new things and push my own boundaries.\u201d<\/div>\n\t\t\t\t\t\t<\/div>\n\t\t\t\t<\/div>\n\t\t\t\t\t<\/div>\n\t\t<\/div>\n\t\t\t\t<div class=\"elementor-column elementor-col-50 elementor-top-column elementor-element elementor-element-6f6db02a\" data-id=\"6f6db02a\" data-element_type=\"column\">\n\t\t\t<div class=\"elementor-widget-wrap elementor-element-populated\">\n\t\t\t\t\t\t\t\t<div class=\"elementor-element elementor-element-75640585 elementor-widget elementor-widget-image\" data-id=\"75640585\" data-element_type=\"widget\" data-widget_type=\"image.default\">\n\t\t\t\t<div class=\"elementor-widget-container\">\n\t\t\t\t\t\t\t\t\t\t\t\t\t\t\t<img loading=\"lazy\" decoding=\"async\" width=\"800\" height=\"534\" src=\"https:\/\/lingolandia.sk\/wp-content\/uploads\/ao-127-1024x684.jpg\" class=\"attachment-large size-large\" alt=\"\" srcset=\"https:\/\/lingolandia.sk\/wp-content\/uploads\/ao-127-1024x684.jpg 1024w, https:\/\/lingolandia.sk\/wp-content\/uploads\/ao-127-900x601.jpg 900w, https:\/\/lingolandia.sk\/wp-content\/uploads\/ao-127-768x513.jpg 768w, https:\/\/lingolandia.sk\/wp-content\/uploads\/ao-127-600x401.jpg 600w, https:\/\/lingolandia.sk\/wp-content\/uploads\/ao-127.jpg 1200w\" sizes=\"auto, (max-width: 800px) 100vw, 800px\" \/>\t\t\t\t\t\t\t\t\t\t\t\t\t\t\t<\/div>\n\t\t\t\t<\/div>\n\t\t\t\t<div class=\"elementor-element elementor-element-2554998 elementor-widget elementor-widget-heading\" data-id=\"2554998\" data-element_type=\"widget\" data-widget_type=\"heading.default\">\n\t\t\t\t<div class=\"elementor-widget-container\">\n\t\t\t<h4 class=\"elementor-heading-title elementor-size-default\">Anka Rybovi\u010dov\u00e1<\/h4>\t\t<\/div>\n\t\t\t\t<\/div>\n\t\t\t\t<div class=\"elementor-element elementor-element-dd84df7 elementor-widget elementor-widget-text-editor\" data-id=\"dd84df7\" data-element_type=\"widget\" data-widget_type=\"text-editor.default\">\n\t\t\t\t<div class=\"elementor-widget-container\">\n\t\t\t\t\t\t\t<p>author of a board game<\/p>\n\t\t\t\t\t\t<\/div>\n\t\t\t\t<\/div>\n\t\t\t\t\t<\/div>\n\t\t<\/div>\n\t\t\t\t\t\t\t<\/div>\n\t\t<\/section>\n\t\t\t\t<section class=\"elementor-section elementor-top-section elementor-element elementor-element-d942de5 elementor-section-content-middle elementor-reverse-tablet elementor-reverse-mobile elementor-section-boxed elementor-section-height-default elementor-section-height-default\" data-id=\"d942de5\" data-element_type=\"section\" data-settings=\"{&quot;background_background&quot;:&quot;classic&quot;}\">\n\t\t\t\t\t\t<div class=\"elementor-container elementor-column-gap-default\">\n\t\t\t\t\t<div class=\"elementor-column elementor-col-50 elementor-top-column elementor-element elementor-element-bd1ade9\" data-id=\"bd1ade9\" data-element_type=\"column\">\n\t\t\t<div class=\"elementor-widget-wrap elementor-element-populated\">\n\t\t\t\t\t\t\t\t<div class=\"elementor-element elementor-element-0640cf8 elementor-widget elementor-widget-image\" data-id=\"0640cf8\" data-element_type=\"widget\" data-widget_type=\"image.default\">\n\t\t\t\t<div class=\"elementor-widget-container\">\n\t\t\t\t\t\t\t\t\t\t\t\t\t\t\t<img loading=\"lazy\" decoding=\"async\" width=\"800\" height=\"534\" src=\"https:\/\/lingolandia.sk\/wp-content\/uploads\/ninasefcik-1024x684.jpg\" class=\"attachment-large size-large\" alt=\"\" srcset=\"https:\/\/lingolandia.sk\/wp-content\/uploads\/ninasefcik-1024x684.jpg 1024w, https:\/\/lingolandia.sk\/wp-content\/uploads\/ninasefcik-900x601.jpg 900w, https:\/\/lingolandia.sk\/wp-content\/uploads\/ninasefcik-768x513.jpg 768w, https:\/\/lingolandia.sk\/wp-content\/uploads\/ninasefcik-600x401.jpg 600w, https:\/\/lingolandia.sk\/wp-content\/uploads\/ninasefcik.jpg 1200w\" sizes=\"auto, (max-width: 800px) 100vw, 800px\" \/>\t\t\t\t\t\t\t\t\t\t\t\t\t\t\t<\/div>\n\t\t\t\t<\/div>\n\t\t\t\t<div class=\"elementor-element elementor-element-370cee4 elementor-widget elementor-widget-heading\" data-id=\"370cee4\" data-element_type=\"widget\" data-widget_type=\"heading.default\">\n\t\t\t\t<div class=\"elementor-widget-container\">\n\t\t\t<h4 class=\"elementor-heading-title elementor-size-default\">Nina \u0160ef\u010d\u00edkov\u00e1<\/h4>\t\t<\/div>\n\t\t\t\t<\/div>\n\t\t\t\t<div class=\"elementor-element elementor-element-4b4fa6d elementor-widget elementor-widget-text-editor\" data-id=\"4b4fa6d\" data-element_type=\"widget\" data-widget_type=\"text-editor.default\">\n\t\t\t\t<div class=\"elementor-widget-container\">\n\t\t\t\t\t\t\t<p>author illustration<\/p>\n\t\t\t\t\t\t<\/div>\n\t\t\t\t<\/div>\n\t\t\t\t\t<\/div>\n\t\t<\/div>\n\t\t\t\t<div class=\"elementor-column elementor-col-50 elementor-top-column elementor-element elementor-element-22fc9ae\" data-id=\"22fc9ae\" data-element_type=\"column\">\n\t\t\t<div class=\"elementor-widget-wrap elementor-element-populated\">\n\t\t\t\t\t\t\t\t<div class=\"elementor-element elementor-element-6e09eeb elementor-widget elementor-widget-image\" data-id=\"6e09eeb\" data-element_type=\"widget\" data-settings=\"{&quot;motion_fx_motion_fx_scrolling&quot;:&quot;yes&quot;,&quot;motion_fx_translateX_effect&quot;:&quot;yes&quot;,&quot;motion_fx_translateX_direction&quot;:&quot;negative&quot;,&quot;motion_fx_translateX_speed&quot;:{&quot;unit&quot;:&quot;px&quot;,&quot;size&quot;:1.100000000000000088817841970012523233890533447265625,&quot;sizes&quot;:[]},&quot;motion_fx_translateX_affectedRange&quot;:{&quot;unit&quot;:&quot;%&quot;,&quot;size&quot;:&quot;&quot;,&quot;sizes&quot;:{&quot;start&quot;:18,&quot;end&quot;:71}},&quot;motion_fx_devices&quot;:[&quot;desktop&quot;,&quot;tablet&quot;,&quot;mobile&quot;]}\" data-widget_type=\"image.default\">\n\t\t\t\t<div class=\"elementor-widget-container\">\n\t\t\t\t\t\t\t\t\t\t\t\t\t\t\t<img loading=\"lazy\" decoding=\"async\" width=\"500\" height=\"500\" src=\"https:\/\/lingolandia.sk\/wp-content\/uploads\/balon.png\" class=\"attachment-large size-large\" alt=\"\" srcset=\"https:\/\/lingolandia.sk\/wp-content\/uploads\/balon.png 500w, https:\/\/lingolandia.sk\/wp-content\/uploads\/balon-300x300.png 300w, https:\/\/lingolandia.sk\/wp-content\/uploads\/balon-100x100.png 100w\" sizes=\"auto, (max-width: 500px) 100vw, 500px\" \/>\t\t\t\t\t\t\t\t\t\t\t\t\t\t\t<\/div>\n\t\t\t\t<\/div>\n\t\t\t\t<div class=\"elementor-element elementor-element-442fde87 elementor-widget elementor-widget-text-editor\" data-id=\"442fde87\" data-element_type=\"widget\" data-widget_type=\"text-editor.default\">\n\t\t\t\t<div class=\"elementor-widget-container\">\n\t\t\t\t\t\t\t<p>And who is Nina \u0160ef\u010d\u00edk? <\/p>\n\t\t\t\t\t\t<\/div>\n\t\t\t\t<\/div>\n\t\t\t\t<div class=\"elementor-element elementor-element-2bb7aff elementor-widget elementor-widget-text-editor\" data-id=\"2bb7aff\" data-element_type=\"widget\" data-widget_type=\"text-editor.default\">\n\t\t\t\t<div class=\"elementor-widget-container\">\n\t\t\t\t\t\t\t<p>Nina \u0160ef\u010d\u00edk is a Slovak illustrator and a designer who lives in Spain. She studied a field of illustration in Dublin in 2015. Nina has a special and unmistakable style. You can find her work on the pages of the Slovak and foreign books, on a product packaging, within the websites, but also as a supporting visual element of the advertising campaigns and the posters.<\/p>\n\t\t\t\t\t\t<\/div>\n\t\t\t\t<\/div>\n\t\t\t\t<div class=\"elementor-element elementor-element-b703096 elementor-widget elementor-widget-text-editor\" data-id=\"b703096\" data-element_type=\"widget\" data-widget_type=\"text-editor.default\">\n\t\t\t\t<div class=\"elementor-widget-container\">\n\t\t\t\t\t\t\t<p>And how does Nina perceive Lingolandia?<\/p>\n\t\t\t\t\t\t<\/div>\n\t\t\t\t<\/div>\n\t\t\t\t<div class=\"elementor-element elementor-element-6bb668a2 elementor-widget elementor-widget-text-editor\" data-id=\"6bb668a2\" data-element_type=\"widget\" data-widget_type=\"text-editor.default\">\n\t\t\t\t<div class=\"elementor-widget-container\">\n\t\t\t\t\t\t\t<p>\u201cBeing part of the Lingolandia project is a daily adventure. Anka and I got along from the first time we met. Creating illustrations for Lingolandia is an unbelievable joy!\u201d<\/p>\n\t\t\t\t\t\t<\/div>\n\t\t\t\t<\/div>\n\t\t\t\t\t<\/div>\n\t\t<\/div>\n\t\t\t\t\t\t\t<\/div>\n\t\t<\/section>\n\t\t\t\t<section class=\"elementor-section elementor-top-section elementor-element elementor-element-28b43064 elementor-section-boxed elementor-section-height-default elementor-section-height-default\" data-id=\"28b43064\" data-element_type=\"section\" data-settings=\"{&quot;background_background&quot;:&quot;classic&quot;}\">\n\t\t\t\t\t\t\t<div class=\"elementor-background-overlay\"><\/div>\n\t\t\t\t\t\t\t<div class=\"elementor-container elementor-column-gap-default\">\n\t\t\t\t\t<div class=\"elementor-column elementor-col-100 elementor-top-column elementor-element elementor-element-16ce5134\" data-id=\"16ce5134\" data-element_type=\"column\">\n\t\t\t<div class=\"elementor-widget-wrap elementor-element-populated\">\n\t\t\t\t\t\t\t\t<section class=\"elementor-section elementor-inner-section elementor-element elementor-element-7dd835e1 elementor-reverse-tablet elementor-reverse-mobile elementor-section-boxed elementor-section-height-default elementor-section-height-default\" data-id=\"7dd835e1\" data-element_type=\"section\" data-settings=\"{&quot;background_background&quot;:&quot;classic&quot;}\">\n\t\t\t\t\t\t<div class=\"elementor-container elementor-column-gap-default\">\n\t\t\t\t\t<div class=\"elementor-column elementor-col-50 elementor-inner-column elementor-element elementor-element-7111d05\" data-id=\"7111d05\" data-element_type=\"column\">\n\t\t\t<div class=\"elementor-widget-wrap elementor-element-populated\">\n\t\t\t\t\t\t\t\t<div class=\"elementor-element elementor-element-acc4388 elementor-widget elementor-widget-image\" data-id=\"acc4388\" data-element_type=\"widget\" data-widget_type=\"image.default\">\n\t\t\t\t<div class=\"elementor-widget-container\">\n\t\t\t\t\t\t\t\t\t\t\t\t\t\t\t<img loading=\"lazy\" decoding=\"async\" width=\"800\" height=\"663\" src=\"https:\/\/lingolandia.sk\/wp-content\/uploads\/hra.png\" class=\"attachment-large size-large\" alt=\"\" srcset=\"https:\/\/lingolandia.sk\/wp-content\/uploads\/hra.png 839w, https:\/\/lingolandia.sk\/wp-content\/uploads\/hra-768x636.png 768w, https:\/\/lingolandia.sk\/wp-content\/uploads\/hra-600x497.png 600w\" sizes=\"auto, (max-width: 800px) 100vw, 800px\" \/>\t\t\t\t\t\t\t\t\t\t\t\t\t\t\t<\/div>\n\t\t\t\t<\/div>\n\t\t\t\t\t<\/div>\n\t\t<\/div>\n\t\t\t\t<div class=\"elementor-column elementor-col-50 elementor-inner-column elementor-element elementor-element-52d6255e\" data-id=\"52d6255e\" data-element_type=\"column\">\n\t\t\t<div class=\"elementor-widget-wrap elementor-element-populated\">\n\t\t\t\t\t\t\t\t<div class=\"elementor-element elementor-element-60449806 elementor-widget elementor-widget-heading\" data-id=\"60449806\" data-element_type=\"widget\" data-widget_type=\"heading.default\">\n\t\t\t\t<div class=\"elementor-widget-container\">\n\t\t\t<h2 class=\"elementor-heading-title elementor-size-default\">What is Lingolandia?<\/h2>\t\t<\/div>\n\t\t\t\t<\/div>\n\t\t\t\t<div class=\"elementor-element elementor-element-78d819e0 elementor-widget elementor-widget-text-editor\" data-id=\"78d819e0\" data-element_type=\"widget\" data-widget_type=\"text-editor.default\">\n\t\t\t\t<div class=\"elementor-widget-container\">\n\t\t\t\t\t\t\t<p>Lingolandia is a board game intended for the players of all ages who expect something more from a game.<\/p>\n\t\t\t\t\t\t<\/div>\n\t\t\t\t<\/div>\n\t\t\t\t<div class=\"elementor-element elementor-element-43230d58 elementor-widget elementor-widget-text-editor\" data-id=\"43230d58\" data-element_type=\"widget\" data-widget_type=\"text-editor.default\">\n\t\t\t\t<div class=\"elementor-widget-container\">\n\t\t\t\t\t\t\t<p>Based on natural competitiveness, players will improve their spelling skill and the awareness of the first letter of each word used. They expand their vocabulary not only in their mother tongue, but also in a foreign language and learn to logically combine all the knowledge they have ever learned, too.<\/p>\n\t\t\t\t\t\t<\/div>\n\t\t\t\t<\/div>\n\t\t\t\t<div class=\"elementor-element elementor-element-6a596240 elementor-widget elementor-widget-button\" data-id=\"6a596240\" data-element_type=\"widget\" data-widget_type=\"button.default\">\n\t\t\t\t<div class=\"elementor-widget-container\">\n\t\t\t\t\t<div class=\"elementor-button-wrapper\">\n\t\t\t<a href=\"https:\/\/lingolandia.sk\/produkt\/spolocenska-hra-lingolandia\/\" class=\"elementor-button-link elementor-button elementor-size-sm\" role=\"button\">\n\t\t\t\t\t\t<span class=\"elementor-button-content-wrapper\">\n\t\t\t\t\t\t<span class=\"elementor-button-text\">Buy Lingolandia<\/span>\n\t\t<\/span>\n\t\t\t\t\t<\/a>\n\t\t<\/div>\n\t\t\t\t<\/div>\n\t\t\t\t<\/div>\n\t\t\t\t\t<\/div>\n\t\t<\/div>\n\t\t\t\t\t\t\t<\/div>\n\t\t<\/section>\n\t\t\t\t\t<\/div>\n\t\t<\/div>\n\t\t\t\t\t\t\t<\/div>\n\t\t<\/section>\n\t\t\t\t<section class=\"elementor-section elementor-top-section elementor-element elementor-element-598cf321 elementor-section-boxed elementor-section-height-default elementor-section-height-default\" data-id=\"598cf321\" data-element_type=\"section\">\n\t\t\t\t\t\t<div class=\"elementor-container elementor-column-gap-default\">\n\t\t\t\t\t<div class=\"elementor-column elementor-col-100 elementor-top-column elementor-element elementor-element-5ba3751a\" data-id=\"5ba3751a\" data-element_type=\"column\">\n\t\t\t<div class=\"elementor-widget-wrap elementor-element-populated\">\n\t\t\t\t\t\t\t\t<div class=\"elementor-element elementor-element-41dec14f elementor-widget elementor-widget-spacer\" data-id=\"41dec14f\" data-element_type=\"widget\" data-widget_type=\"spacer.default\">\n\t\t\t\t<div class=\"elementor-widget-container\">\n\t\t\t\t\t<div class=\"elementor-spacer\">\n\t\t\t<div class=\"elementor-spacer-inner\"><\/div>\n\t\t<\/div>\n\t\t\t\t<\/div>\n\t\t\t\t<\/div>\n\t\t\t\t\t<\/div>\n\t\t<\/div>\n\t\t\t\t\t\t\t<\/div>\n\t\t<\/section>\n\t\t\t\t\t\t\t<\/div>\n\t\t","protected":false},"excerpt":{"rendered":"<p>Lingolandia was born in the head of Anna Rybovi\u010dov\u00e1 in 2017. Anka joins the world of the games from the financial sphere. She is an active mother of two children of the school age. So the children were her main inspiration. The aim was clear. Not only for her children, but also for the other [&hellip;]<\/p>\n","protected":false},"author":1,"featured_media":0,"parent":0,"menu_order":0,"comment_status":"closed","ping_status":"closed","template":"","meta":{"_mo_disable_npp":"","footnotes":""},"class_list":["post-851","page","type-page","status-publish","hentry"],"yoast_head":"<!-- This site is optimized with the Yoast SEO plugin v19.10 - https:\/\/yoast.com\/wordpress\/plugins\/seo\/ -->\n<title>About us | Lingolandia | The story of the brand and the authors of the board game<\/title>\n<meta name=\"description\" content=\"Lingolandia was born in the head of Anna Rybovi\u010dov\u00e1 in 2017. Anka joins the world of the games from the financial sphere. She is an active mother of two children of the school age.\" \/>\n<meta name=\"robots\" content=\"index, follow, max-snippet:-1, max-image-preview:large, max-video-preview:-1\" \/>\n<link rel=\"canonical\" href=\"https:\/\/lingolandia.sk\/en\/about-us\/\" \/>\n<meta property=\"og:locale\" content=\"en_US\" \/>\n<meta property=\"og:type\" content=\"article\" \/>\n<meta property=\"og:title\" content=\"About us | Lingolandia | The story of the brand and the authors of the board game\" \/>\n<meta property=\"og:description\" content=\"Lingolandia was born in the head of Anna Rybovi\u010dov\u00e1 in 2017. Anka joins the world of the games from the financial sphere. She is an active mother of two children of the school age.\" \/>\n<meta property=\"og:url\" content=\"https:\/\/lingolandia.sk\/en\/about-us\/\" \/>\n<meta property=\"og:site_name\" content=\"Lingolandia\" \/>\n<meta property=\"article:modified_time\" content=\"2021-10-12T12:39:38+00:00\" \/>\n<meta property=\"og:image\" content=\"https:\/\/playlingolandia.com\/wp-content\/uploads\/vtacik.png\" \/>\n<meta name=\"twitter:card\" content=\"summary_large_image\" \/>\n<meta name=\"twitter:label1\" content=\"Est. reading time\" \/>\n\t<meta name=\"twitter:data1\" content=\"2 minutes\" \/>\n<script type=\"application\/ld+json\" class=\"yoast-schema-graph\">{\"@context\":\"https:\/\/schema.org\",\"@graph\":[{\"@type\":\"WebPage\",\"@id\":\"https:\/\/lingolandia.sk\/en\/about-us\/\",\"url\":\"https:\/\/lingolandia.sk\/en\/about-us\/\",\"name\":\"About us | Lingolandia | The story of the brand and the authors of the board game\",\"isPartOf\":{\"@id\":\"https:\/\/lingolandia.sk\/en\/#website\"},\"datePublished\":\"2021-10-12T12:39:35+00:00\",\"dateModified\":\"2021-10-12T12:39:38+00:00\",\"description\":\"Lingolandia was born in the head of Anna Rybovi\u010dov\u00e1 in 2017. Anka joins the world of the games from the financial sphere. She is an active mother of two children of the school age.\",\"breadcrumb\":{\"@id\":\"https:\/\/lingolandia.sk\/en\/about-us\/#breadcrumb\"},\"inLanguage\":\"en-US\",\"potentialAction\":[{\"@type\":\"ReadAction\",\"target\":[\"https:\/\/lingolandia.sk\/en\/about-us\/\"]}]},{\"@type\":\"BreadcrumbList\",\"@id\":\"https:\/\/lingolandia.sk\/en\/about-us\/#breadcrumb\",\"itemListElement\":[{\"@type\":\"ListItem\",\"position\":1,\"name\":\"Domovsk\u00e1 str\u00e1nka\",\"item\":\"https:\/\/lingolandia.sk\/en\/\"},{\"@type\":\"ListItem\",\"position\":2,\"name\":\"About us\"}]},{\"@type\":\"WebSite\",\"@id\":\"https:\/\/lingolandia.sk\/en\/#website\",\"url\":\"https:\/\/lingolandia.sk\/en\/\",\"name\":\"Lingolandia\",\"description\":\"multilingual game\",\"potentialAction\":[{\"@type\":\"SearchAction\",\"target\":{\"@type\":\"EntryPoint\",\"urlTemplate\":\"https:\/\/lingolandia.sk\/en\/?s={search_term_string}\"},\"query-input\":\"required name=search_term_string\"}],\"inLanguage\":\"en-US\"}]}<\/script>\n<!-- \/ Yoast SEO plugin. -->","yoast_head_json":{"title":"About us | Lingolandia | The story of the brand and the authors of the board game","description":"Lingolandia was born in the head of Anna Rybovi\u010dov\u00e1 in 2017. Anka joins the world of the games from the financial sphere. She is an active mother of two children of the school age.","robots":{"index":"index","follow":"follow","max-snippet":"max-snippet:-1","max-image-preview":"max-image-preview:large","max-video-preview":"max-video-preview:-1"},"canonical":"https:\/\/lingolandia.sk\/en\/about-us\/","og_locale":"en_US","og_type":"article","og_title":"About us | Lingolandia | The story of the brand and the authors of the board game","og_description":"Lingolandia was born in the head of Anna Rybovi\u010dov\u00e1 in 2017. Anka joins the world of the games from the financial sphere. She is an active mother of two children of the school age.","og_url":"https:\/\/lingolandia.sk\/en\/about-us\/","og_site_name":"Lingolandia","article_modified_time":"2021-10-12T12:39:38+00:00","og_image":[{"url":"https:\/\/playlingolandia.com\/wp-content\/uploads\/vtacik.png"}],"twitter_card":"summary_large_image","twitter_misc":{"Est. reading time":"2 minutes"},"schema":{"@context":"https:\/\/schema.org","@graph":[{"@type":"WebPage","@id":"https:\/\/lingolandia.sk\/en\/about-us\/","url":"https:\/\/lingolandia.sk\/en\/about-us\/","name":"About us | Lingolandia | The story of the brand and the authors of the board game","isPartOf":{"@id":"https:\/\/lingolandia.sk\/en\/#website"},"datePublished":"2021-10-12T12:39:35+00:00","dateModified":"2021-10-12T12:39:38+00:00","description":"Lingolandia was born in the head of Anna Rybovi\u010dov\u00e1 in 2017. Anka joins the world of the games from the financial sphere. She is an active mother of two children of the school age.","breadcrumb":{"@id":"https:\/\/lingolandia.sk\/en\/about-us\/#breadcrumb"},"inLanguage":"en-US","potentialAction":[{"@type":"ReadAction","target":["https:\/\/lingolandia.sk\/en\/about-us\/"]}]},{"@type":"BreadcrumbList","@id":"https:\/\/lingolandia.sk\/en\/about-us\/#breadcrumb","itemListElement":[{"@type":"ListItem","position":1,"name":"Domovsk\u00e1 str\u00e1nka","item":"https:\/\/lingolandia.sk\/en\/"},{"@type":"ListItem","position":2,"name":"About us"}]},{"@type":"WebSite","@id":"https:\/\/lingolandia.sk\/en\/#website","url":"https:\/\/lingolandia.sk\/en\/","name":"Lingolandia","description":"multilingual game","potentialAction":[{"@type":"SearchAction","target":{"@type":"EntryPoint","urlTemplate":"https:\/\/lingolandia.sk\/en\/?s={search_term_string}"},"query-input":"required name=search_term_string"}],"inLanguage":"en-US"}]}},"_links":{"self":[{"href":"https:\/\/lingolandia.sk\/en\/wp-json\/wp\/v2\/pages\/851","targetHints":{"allow":["GET"]}}],"collection":[{"href":"https:\/\/lingolandia.sk\/en\/wp-json\/wp\/v2\/pages"}],"about":[{"href":"https:\/\/lingolandia.sk\/en\/wp-json\/wp\/v2\/types\/page"}],"author":[{"embeddable":true,"href":"https:\/\/lingolandia.sk\/en\/wp-json\/wp\/v2\/users\/1"}],"replies":[{"embeddable":true,"href":"https:\/\/lingolandia.sk\/en\/wp-json\/wp\/v2\/comments?post=851"}],"version-history":[{"count":1,"href":"https:\/\/lingolandia.sk\/en\/wp-json\/wp\/v2\/pages\/851\/revisions"}],"predecessor-version":[{"id":852,"href":"https:\/\/lingolandia.sk\/en\/wp-json\/wp\/v2\/pages\/851\/revisions\/852"}],"wp:attachment":[{"href":"https:\/\/lingolandia.sk\/en\/wp-json\/wp\/v2\/media?parent=851"}],"curies":[{"name":"wp","href":"https:\/\/api.w.org\/{rel}","templated":true}]}}