{"id":883,"date":"2021-10-12T14:54:18","date_gmt":"2021-10-12T12:54:18","guid":{"rendered":"https:\/\/playlingolandia.com\/doprava-a-reklamacie\/"},"modified":"2021-10-12T14:55:14","modified_gmt":"2021-10-12T12:55:14","slug":"doprava-a-reklamacie","status":"publish","type":"page","link":"https:\/\/lingolandia.sk\/en\/doprava-a-reklamacie\/","title":{"rendered":"Doprava a reklam\u00e1cie"},"content":{"rendered":"\t\t<div data-elementor-type=\"wp-page\" data-elementor-id=\"883\" class=\"elementor elementor-883 elementor-450\">\n\t\t\t\t\t\t\t\t\t<section class=\"elementor-section elementor-top-section elementor-element elementor-element-33abc9c elementor-section-boxed elementor-section-height-default elementor-section-height-default\" data-id=\"33abc9c\" data-element_type=\"section\">\n\t\t\t\t\t\t<div class=\"elementor-container elementor-column-gap-default\">\n\t\t\t\t\t<div class=\"elementor-column elementor-col-100 elementor-top-column elementor-element elementor-element-4f1735cb\" data-id=\"4f1735cb\" data-element_type=\"column\">\n\t\t\t<div class=\"elementor-widget-wrap elementor-element-populated\">\n\t\t\t\t\t\t\t\t<div class=\"elementor-element elementor-element-6b143f8 elementor-widget elementor-widget-heading\" data-id=\"6b143f8\" data-element_type=\"widget\" data-widget_type=\"heading.default\">\n\t\t\t\t<div class=\"elementor-widget-container\">\n\t\t\t<h2 class=\"elementor-heading-title elementor-size-default\">Doprava tovaru<\/h2>\t\t<\/div>\n\t\t\t\t<\/div>\n\t\t\t\t<div class=\"elementor-element elementor-element-33dc908 elementor-widget elementor-widget-text-editor\" data-id=\"33dc908\" data-element_type=\"widget\" data-widget_type=\"text-editor.default\">\n\t\t\t\t<div class=\"elementor-widget-container\">\n\t\t\t\t\t\t\t<p>Tovar je odosielan\u00fd \u0161tandardne Slovenskou po\u0161tou, kuri\u00e9rom alebo Z\u00e1sielkov\u0148ou. Cena za dopravu tovaru v r\u00e1mci SR pri platbe ak\u00fdmko\u013evek sp\u00f4sobom vopred je zdarma.<\/p>\n<p>Doprava tovaru prostredn\u00edctvom kuri\u00e9ra alebo Slovenskej po\u0161ty v r\u00e1mci SR pri platbe dobierkou je 4,50 EUR. Doprava prostredn\u00edctvom Z\u00e1sielkovne s platbou na dobierku je 2,50 \u20ac. Ak si \u017eel\u00e1te zasla\u0165 tovar do akejko\u013evek inej krajiny, nev\u00e1hajte n\u00e1s kontaktova\u0165 prostredn\u00edctvom kontaktn\u00e9ho formul\u00e1ra alebo e-mailom na adresu playlinglolanda@gmail.com. Radi sa s Vami dohodneme.<\/p>\n<p><strong>\u200bPred\u00e1vaj\u00faci nenesie zodpovednos\u0165:<\/strong><\/p>\n<ul>\n<li>za oneskoren\u00e9 doru\u010denie tovaru zavinen\u00e9, po\u0161tou, kuri\u00e9rskou spolo\u010dnos\u0165ou, nespr\u00e1vne uvedenou dodacou adresou kupuj\u00faceho alebo z\u00e1sahom vy\u0161\u0161ej moci.<\/li>\n<li>za po\u0161kodenie z\u00e1sielky zavinen\u00e9 po\u0161tou alebo kuri\u00e9rskou spolo\u010dnos\u0165ou<\/li>\n<\/ul>\n\t\t\t\t\t\t<\/div>\n\t\t\t\t<\/div>\n\t\t\t\t<div class=\"elementor-element elementor-element-37eedb2 elementor-widget elementor-widget-heading\" data-id=\"37eedb2\" data-element_type=\"widget\" data-widget_type=\"heading.default\">\n\t\t\t\t<div class=\"elementor-widget-container\">\n\t\t\t<h2 class=\"elementor-heading-title elementor-size-default\">Doprava tovaru<\/h2>\t\t<\/div>\n\t\t\t\t<\/div>\n\t\t\t\t<div class=\"elementor-element elementor-element-62ddf6f elementor-widget elementor-widget-text-editor\" data-id=\"62ddf6f\" data-element_type=\"widget\" data-widget_type=\"text-editor.default\">\n\t\t\t\t<div class=\"elementor-widget-container\">\n\t\t\t\t\t\t\t<ul>\n<li>Reklamova\u0165 je mo\u017en\u00e9 len tovar, ktor\u00fd bol zak\u00fapen\u00fd u pred\u00e1vaj\u00faceho a ktor\u00fd je vlastn\u00edctvom kupuj\u00faceho.<\/li>\n<li>Ak kupuj\u00faci je spotrebite\u013eom (fyzick\u00e1 osoba, ktor\u00e1 nekon\u00e1 v r\u00e1mci predmetu svojej podnikate\u013eskej \u010dinnosti, zamestnania alebo povolania), na v\u0161etky pon\u00fakan\u00e9 produkty plat\u00ed z\u00e1ru\u010dn\u00e1 doba v trvan\u00ed 24 mesiacov, ak nie je uveden\u00e9 inak, a za\u010d\u00edna plyn\u00fa\u0165 d\u0148om prevzatia tovaru kupuj\u00facim.<\/li>\n<li>Ak kupuj\u00faci nie je spotrebite\u013eom, postupuje sa v zmysle ustanoven\u00ed Obchodn\u00e9ho z\u00e1konn\u00edka a z\u00e1ru\u010dn\u00e1 doba je 12 mesiacov a za\u010d\u00edna plyn\u00fa\u0165 d\u0148om prevzatia tovaru kupuj\u00facim.<\/li>\n<li>623 Ob\u010dianskeho z\u00e1konn\u00edka v platnom znen\u00ed. Kupuj\u00faci je povinn\u00fd uplatni\u0165 reklam\u00e1ciu bezodkladne u pred\u00e1vaj\u00faceho, a to hne\u010f po zisten\u00ed vady. Kupuj\u00faci m\u00f4\u017ee uplatni\u0165 reklam\u00e1ciu bu\u010f v papierovej podobe, alebo elektronicky na e-mailov\u00fa adresu: playlingolandia@gmail.com. V ka\u017edej z\u00e1sielke je prilo\u017een\u00e1 fakt\u00fara \u2013 doklad o \u00fahrade tovaru, ktor\u00e1 z\u00e1rove\u0148 sl\u00fa\u017ei ako z\u00e1ru\u010dn\u00fd list. Reklamovan\u00fd tovar spolu s dokladom o \u00fahrade tovaru a popisom vady kupuj\u00faci za\u0161le alebo osobne doru\u010d\u00ed na adresu: AR Solution s.r.o., so s\u00eddlom Tolst\u00e9ho 160\/2, 040 01 Ko\u0161ice, Slovensko. Za relevantn\u00fd d\u00f4vod vr\u00e1tenia tovaru sa nepova\u017euje opotrebovanie tovaru pou\u017e\u00edvan\u00edm, ktor\u00fdm sa prirodzene m\u00f4\u017ee meni\u0165 vzh\u013ead v\u00fdrobku alebo nasta\u0165 jeho po\u0161kodenie. Pred\u00e1vaj\u00faci potvrd\u00ed prijatie ozn\u00e1menia o reklam\u00e1cii bezodkladne zaslan\u00edm potvrdenia na e-mailov\u00fa adresu kupuj\u00faceho. V pr\u00edpade opr\u00e1vnenej reklam\u00e1cie sa pred\u00e1vaj\u00faci zav\u00e4zuje reklam\u00e1ciu vybavi\u0165 najnesk\u00f4r do 30 dn\u00ed od jej doru\u010denia a vyda\u0165 kupuj\u00facemu doklad o vybaven\u00ed reklam\u00e1cie.<\/li>\n<li>Zodpovednos\u0165 za vady sa nev\u0165ahuje na pr\u00edpady, ak k vade do\u0161lo v d\u00f4sledku:\n<ul>\n<li>a) mechanick\u00e9ho po\u0161kodenia v\u00fdrobku sp\u00f4soben\u00e9ho kupuj\u00facim,<\/li>\n<li>b) nespr\u00e1vneho zaobch\u00e1dzania s v\u00fdrobkom, sp\u00f4sobom in\u00fdm ako bol uveden\u00fd v n\u00e1vode na pou\u017e\u00edvanie,<\/li>\n<li>c) pou\u017e\u00edvania tovaru v podmienkach, ktor\u00e9 neodpovedaj\u00fa svojou vlhkos\u0165ou, chemick\u00fdmi a mechanick\u00fdmi vplyvmi prirodzen\u00e9ho prostrediu tovaru,<\/li>\n<li>d) zanedbania starostlivosti a \u00fadr\u017eby o tovar,<\/li>\n<li>e) po\u0161kodenia tovaru nadmern\u00fdm za\u0165a\u017eovan\u00edm,<\/li>\n<li>f) pou\u017e\u00edvania tovaru v rozpore s podmienkami uveden\u00fdmi v dokument\u00e1cii, v\u0161eobecn\u00fdmi z\u00e1sadami, technick\u00fdmi normami alebo bezpe\u010dnostn\u00fdmi predpismi alebo in\u00fdm poru\u0161en\u00edm z\u00e1ru\u010dn\u00fdch podmienok,<\/li>\n<li>g) vy\u0161\u0161ej moci alebo \u017eivelnej pohromy,<\/li>\n<li>h) be\u017en\u00e9ho opotrebenia tovaru (alebo jeho \u010dasti) sp\u00f4soben\u00e9ho pou\u017e\u00edvan\u00edm tovaru.<\/li>\n<\/ul>\n<\/li>\n<\/ul>\n\t\t\t\t\t\t<\/div>\n\t\t\t\t<\/div>\n\t\t\t\t\t<\/div>\n\t\t<\/div>\n\t\t\t\t\t\t\t<\/div>\n\t\t<\/section>\n\t\t\t\t<section class=\"elementor-section elementor-top-section elementor-element elementor-element-4d7bea23 elementor-section-boxed elementor-section-height-default elementor-section-height-default\" data-id=\"4d7bea23\" data-element_type=\"section\" data-settings=\"{&quot;background_background&quot;:&quot;classic&quot;}\">\n\t\t\t\t\t\t<div class=\"elementor-container elementor-column-gap-default\">\n\t\t\t\t\t<div class=\"elementor-column elementor-col-100 elementor-top-column elementor-element elementor-element-507438a9\" data-id=\"507438a9\" data-element_type=\"column\">\n\t\t\t<div class=\"elementor-widget-wrap elementor-element-populated\">\n\t\t\t\t\t\t\t\t<section class=\"elementor-section elementor-inner-section elementor-element elementor-element-191b7b20 elementor-reverse-mobile elementor-section-boxed elementor-section-height-default elementor-section-height-default\" data-id=\"191b7b20\" data-element_type=\"section\" data-settings=\"{&quot;background_background&quot;:&quot;classic&quot;}\">\n\t\t\t\t\t\t<div class=\"elementor-container elementor-column-gap-default\">\n\t\t\t\t\t<div class=\"elementor-column elementor-col-50 elementor-inner-column elementor-element elementor-element-4b1d44a7\" data-id=\"4b1d44a7\" data-element_type=\"column\" data-settings=\"{&quot;background_background&quot;:&quot;classic&quot;}\">\n\t\t\t<div class=\"elementor-widget-wrap elementor-element-populated\">\n\t\t\t\t\t\t\t\t<div class=\"elementor-element elementor-element-395a6045 elementor-widget elementor-widget-image\" data-id=\"395a6045\" data-element_type=\"widget\" data-widget_type=\"image.default\">\n\t\t\t\t<div class=\"elementor-widget-container\">\n\t\t\t\t\t\t\t\t\t\t\t\t\t\t\t<img loading=\"lazy\" decoding=\"async\" width=\"425\" height=\"272\" src=\"https:\/\/lingolandia.sk\/wp-content\/uploads\/originalne-dobrodruzstvo.png\" class=\"attachment-large size-large\" alt=\"\" \/>\t\t\t\t\t\t\t\t\t\t\t\t\t\t\t<\/div>\n\t\t\t\t<\/div>\n\t\t\t\t\t<\/div>\n\t\t<\/div>\n\t\t\t\t<div class=\"elementor-column elementor-col-50 elementor-inner-column elementor-element elementor-element-644dd654\" data-id=\"644dd654\" data-element_type=\"column\">\n\t\t\t<div class=\"elementor-widget-wrap elementor-element-populated\">\n\t\t\t\t\t\t\t\t<div class=\"elementor-element elementor-element-5b96826c elementor-widget elementor-widget-heading\" data-id=\"5b96826c\" data-element_type=\"widget\" data-widget_type=\"heading.default\">\n\t\t\t\t<div class=\"elementor-widget-container\">\n\t\t\t<h2 class=\"elementor-heading-title elementor-size-default\">Are you ready for a language adventure?<\/h2>\t\t<\/div>\n\t\t\t\t<\/div>\n\t\t\t\t<div class=\"elementor-element elementor-element-6453f5f8 elementor-mobile-align-center elementor-widget elementor-widget-button\" data-id=\"6453f5f8\" data-element_type=\"widget\" data-widget_type=\"button.default\">\n\t\t\t\t<div class=\"elementor-widget-container\">\n\t\t\t\t\t<div class=\"elementor-button-wrapper\">\n\t\t\t<a href=\"https:\/\/lingolandia.sk\/produkt\/spolocenska-hra-lingolandia\/\" class=\"elementor-button-link elementor-button elementor-size-sm\" role=\"button\">\n\t\t\t\t\t\t<span class=\"elementor-button-content-wrapper\">\n\t\t\t\t\t\t<span class=\"elementor-button-text\">Buy Lingolandia<\/span>\n\t\t<\/span>\n\t\t\t\t\t<\/a>\n\t\t<\/div>\n\t\t\t\t<\/div>\n\t\t\t\t<\/div>\n\t\t\t\t\t<\/div>\n\t\t<\/div>\n\t\t\t\t\t\t\t<\/div>\n\t\t<\/section>\n\t\t\t\t\t<\/div>\n\t\t<\/div>\n\t\t\t\t\t\t\t<\/div>\n\t\t<\/section>\n\t\t\t\t<section class=\"elementor-section elementor-top-section elementor-element elementor-element-6d8d7c24 elementor-section-boxed elementor-section-height-default elementor-section-height-default\" data-id=\"6d8d7c24\" data-element_type=\"section\">\n\t\t\t\t\t\t<div class=\"elementor-container elementor-column-gap-default\">\n\t\t\t\t\t<div class=\"elementor-column elementor-col-100 elementor-top-column elementor-element elementor-element-7f82f97f\" data-id=\"7f82f97f\" data-element_type=\"column\">\n\t\t\t<div class=\"elementor-widget-wrap elementor-element-populated\">\n\t\t\t\t\t\t\t\t<div class=\"elementor-element elementor-element-7ce59899 elementor-widget elementor-widget-spacer\" data-id=\"7ce59899\" data-element_type=\"widget\" data-widget_type=\"spacer.default\">\n\t\t\t\t<div class=\"elementor-widget-container\">\n\t\t\t\t\t<div class=\"elementor-spacer\">\n\t\t\t<div class=\"elementor-spacer-inner\"><\/div>\n\t\t<\/div>\n\t\t\t\t<\/div>\n\t\t\t\t<\/div>\n\t\t\t\t\t<\/div>\n\t\t<\/div>\n\t\t\t\t\t\t\t<\/div>\n\t\t<\/section>\n\t\t\t\t\t\t\t<\/div>\n\t\t","protected":false},"excerpt":{"rendered":"<p>Doprava tovaru Tovar je odosielan\u00fd \u0161tandardne Slovenskou po\u0161tou, kuri\u00e9rom alebo Z\u00e1sielkov\u0148ou. Cena za dopravu tovaru v r\u00e1mci SR pri platbe ak\u00fdmko\u013evek sp\u00f4sobom vopred je zdarma. Doprava tovaru prostredn\u00edctvom kuri\u00e9ra alebo Slovenskej po\u0161ty v r\u00e1mci SR pri platbe dobierkou je 4,50 EUR. Doprava prostredn\u00edctvom Z\u00e1sielkovne s platbou na dobierku je 2,50 \u20ac. Ak si \u017eel\u00e1te zasla\u0165 [&hellip;]<\/p>\n","protected":false},"author":1,"featured_media":0,"parent":0,"menu_order":0,"comment_status":"closed","ping_status":"closed","template":"","meta":{"_mo_disable_npp":"","footnotes":""},"class_list":["post-883","page","type-page","status-publish","hentry"],"yoast_head":"<!-- This site is optimized with the Yoast SEO plugin v19.10 - https:\/\/yoast.com\/wordpress\/plugins\/seo\/ -->\n<title>Doprava a reklam\u00e1cie | Lingolandia | Z\u00e1kladn\u00e9 inform\u00e1cie o n\u00e1kupe<\/title>\n<meta name=\"description\" content=\"Tovar je odosielan\u00fd \u0161tandardne Slovenskou po\u0161tou, kuri\u00e9rom alebo Z\u00e1sielkov\u0148ou. Cena za dopravu tovaru v r\u00e1mci SR pri platbe ak\u00fdmko\u013evek...\" \/>\n<meta name=\"robots\" content=\"index, follow, max-snippet:-1, max-image-preview:large, max-video-preview:-1\" \/>\n<link rel=\"canonical\" href=\"https:\/\/lingolandia.sk\/en\/doprava-a-reklamacie\/\" \/>\n<meta property=\"og:locale\" content=\"en_US\" \/>\n<meta property=\"og:type\" content=\"article\" \/>\n<meta property=\"og:title\" content=\"Doprava a reklam\u00e1cie | Lingolandia | Z\u00e1kladn\u00e9 inform\u00e1cie o n\u00e1kupe\" \/>\n<meta property=\"og:description\" content=\"Tovar je odosielan\u00fd \u0161tandardne Slovenskou po\u0161tou, kuri\u00e9rom alebo Z\u00e1sielkov\u0148ou. Cena za dopravu tovaru v r\u00e1mci SR pri platbe ak\u00fdmko\u013evek...\" \/>\n<meta property=\"og:url\" content=\"https:\/\/lingolandia.sk\/en\/doprava-a-reklamacie\/\" \/>\n<meta property=\"og:site_name\" content=\"Lingolandia\" \/>\n<meta property=\"article:modified_time\" content=\"2021-10-12T12:55:14+00:00\" \/>\n<meta property=\"og:image\" content=\"https:\/\/playlingolandia.com\/wp-content\/uploads\/originalne-dobrodruzstvo.png\" \/>\n<meta name=\"twitter:card\" content=\"summary_large_image\" \/>\n<meta name=\"twitter:label1\" content=\"Est. reading time\" \/>\n\t<meta name=\"twitter:data1\" content=\"3 minutes\" \/>\n<script type=\"application\/ld+json\" class=\"yoast-schema-graph\">{\"@context\":\"https:\/\/schema.org\",\"@graph\":[{\"@type\":\"WebPage\",\"@id\":\"https:\/\/lingolandia.sk\/en\/doprava-a-reklamacie\/\",\"url\":\"https:\/\/lingolandia.sk\/en\/doprava-a-reklamacie\/\",\"name\":\"Doprava a reklam\u00e1cie | Lingolandia | Z\u00e1kladn\u00e9 inform\u00e1cie o n\u00e1kupe\",\"isPartOf\":{\"@id\":\"https:\/\/lingolandia.sk\/en\/#website\"},\"datePublished\":\"2021-10-12T12:54:18+00:00\",\"dateModified\":\"2021-10-12T12:55:14+00:00\",\"description\":\"Tovar je odosielan\u00fd \u0161tandardne Slovenskou po\u0161tou, kuri\u00e9rom alebo Z\u00e1sielkov\u0148ou. Cena za dopravu tovaru v r\u00e1mci SR pri platbe ak\u00fdmko\u013evek...\",\"breadcrumb\":{\"@id\":\"https:\/\/lingolandia.sk\/en\/doprava-a-reklamacie\/#breadcrumb\"},\"inLanguage\":\"en-US\",\"potentialAction\":[{\"@type\":\"ReadAction\",\"target\":[\"https:\/\/lingolandia.sk\/en\/doprava-a-reklamacie\/\"]}]},{\"@type\":\"BreadcrumbList\",\"@id\":\"https:\/\/lingolandia.sk\/en\/doprava-a-reklamacie\/#breadcrumb\",\"itemListElement\":[{\"@type\":\"ListItem\",\"position\":1,\"name\":\"Domovsk\u00e1 str\u00e1nka\",\"item\":\"https:\/\/lingolandia.sk\/en\/\"},{\"@type\":\"ListItem\",\"position\":2,\"name\":\"Doprava a reklam\u00e1cie\"}]},{\"@type\":\"WebSite\",\"@id\":\"https:\/\/lingolandia.sk\/en\/#website\",\"url\":\"https:\/\/lingolandia.sk\/en\/\",\"name\":\"Lingolandia\",\"description\":\"multilingual game\",\"potentialAction\":[{\"@type\":\"SearchAction\",\"target\":{\"@type\":\"EntryPoint\",\"urlTemplate\":\"https:\/\/lingolandia.sk\/en\/?s={search_term_string}\"},\"query-input\":\"required name=search_term_string\"}],\"inLanguage\":\"en-US\"}]}<\/script>\n<!-- \/ Yoast SEO plugin. -->","yoast_head_json":{"title":"Doprava a reklam\u00e1cie | Lingolandia | Z\u00e1kladn\u00e9 inform\u00e1cie o n\u00e1kupe","description":"Tovar je odosielan\u00fd \u0161tandardne Slovenskou po\u0161tou, kuri\u00e9rom alebo Z\u00e1sielkov\u0148ou. Cena za dopravu tovaru v r\u00e1mci SR pri platbe ak\u00fdmko\u013evek...","robots":{"index":"index","follow":"follow","max-snippet":"max-snippet:-1","max-image-preview":"max-image-preview:large","max-video-preview":"max-video-preview:-1"},"canonical":"https:\/\/lingolandia.sk\/en\/doprava-a-reklamacie\/","og_locale":"en_US","og_type":"article","og_title":"Doprava a reklam\u00e1cie | Lingolandia | Z\u00e1kladn\u00e9 inform\u00e1cie o n\u00e1kupe","og_description":"Tovar je odosielan\u00fd \u0161tandardne Slovenskou po\u0161tou, kuri\u00e9rom alebo Z\u00e1sielkov\u0148ou. Cena za dopravu tovaru v r\u00e1mci SR pri platbe ak\u00fdmko\u013evek...","og_url":"https:\/\/lingolandia.sk\/en\/doprava-a-reklamacie\/","og_site_name":"Lingolandia","article_modified_time":"2021-10-12T12:55:14+00:00","og_image":[{"url":"https:\/\/playlingolandia.com\/wp-content\/uploads\/originalne-dobrodruzstvo.png"}],"twitter_card":"summary_large_image","twitter_misc":{"Est. reading time":"3 minutes"},"schema":{"@context":"https:\/\/schema.org","@graph":[{"@type":"WebPage","@id":"https:\/\/lingolandia.sk\/en\/doprava-a-reklamacie\/","url":"https:\/\/lingolandia.sk\/en\/doprava-a-reklamacie\/","name":"Doprava a reklam\u00e1cie | Lingolandia | Z\u00e1kladn\u00e9 inform\u00e1cie o n\u00e1kupe","isPartOf":{"@id":"https:\/\/lingolandia.sk\/en\/#website"},"datePublished":"2021-10-12T12:54:18+00:00","dateModified":"2021-10-12T12:55:14+00:00","description":"Tovar je odosielan\u00fd \u0161tandardne Slovenskou po\u0161tou, kuri\u00e9rom alebo Z\u00e1sielkov\u0148ou. Cena za dopravu tovaru v r\u00e1mci SR pri platbe ak\u00fdmko\u013evek...","breadcrumb":{"@id":"https:\/\/lingolandia.sk\/en\/doprava-a-reklamacie\/#breadcrumb"},"inLanguage":"en-US","potentialAction":[{"@type":"ReadAction","target":["https:\/\/lingolandia.sk\/en\/doprava-a-reklamacie\/"]}]},{"@type":"BreadcrumbList","@id":"https:\/\/lingolandia.sk\/en\/doprava-a-reklamacie\/#breadcrumb","itemListElement":[{"@type":"ListItem","position":1,"name":"Domovsk\u00e1 str\u00e1nka","item":"https:\/\/lingolandia.sk\/en\/"},{"@type":"ListItem","position":2,"name":"Doprava a reklam\u00e1cie"}]},{"@type":"WebSite","@id":"https:\/\/lingolandia.sk\/en\/#website","url":"https:\/\/lingolandia.sk\/en\/","name":"Lingolandia","description":"multilingual game","potentialAction":[{"@type":"SearchAction","target":{"@type":"EntryPoint","urlTemplate":"https:\/\/lingolandia.sk\/en\/?s={search_term_string}"},"query-input":"required name=search_term_string"}],"inLanguage":"en-US"}]}},"_links":{"self":[{"href":"https:\/\/lingolandia.sk\/en\/wp-json\/wp\/v2\/pages\/883","targetHints":{"allow":["GET"]}}],"collection":[{"href":"https:\/\/lingolandia.sk\/en\/wp-json\/wp\/v2\/pages"}],"about":[{"href":"https:\/\/lingolandia.sk\/en\/wp-json\/wp\/v2\/types\/page"}],"author":[{"embeddable":true,"href":"https:\/\/lingolandia.sk\/en\/wp-json\/wp\/v2\/users\/1"}],"replies":[{"embeddable":true,"href":"https:\/\/lingolandia.sk\/en\/wp-json\/wp\/v2\/comments?post=883"}],"version-history":[{"count":3,"href":"https:\/\/lingolandia.sk\/en\/wp-json\/wp\/v2\/pages\/883\/revisions"}],"predecessor-version":[{"id":892,"href":"https:\/\/lingolandia.sk\/en\/wp-json\/wp\/v2\/pages\/883\/revisions\/892"}],"wp:attachment":[{"href":"https:\/\/lingolandia.sk\/en\/wp-json\/wp\/v2\/media?parent=883"}],"curies":[{"name":"wp","href":"https:\/\/api.w.org\/{rel}","templated":true}]}}