{"id":926,"date":"2021-10-12T15:02:36","date_gmt":"2021-10-12T13:02:36","guid":{"rendered":"https:\/\/playlingolandia.com\/general-terms-and-conditions\/"},"modified":"2021-10-12T15:02:43","modified_gmt":"2021-10-12T13:02:43","slug":"general-terms-and-conditions","status":"publish","type":"page","link":"https:\/\/lingolandia.sk\/en\/general-terms-and-conditions\/","title":{"rendered":"General terms and conditions"},"content":{"rendered":"\t\t<div data-elementor-type=\"wp-page\" data-elementor-id=\"926\" class=\"elementor elementor-926 elementor-456\">\n\t\t\t\t\t\t\t\t\t<section class=\"elementor-section elementor-top-section elementor-element elementor-element-bc4e79d elementor-section-boxed elementor-section-height-default elementor-section-height-default\" data-id=\"bc4e79d\" data-element_type=\"section\">\n\t\t\t\t\t\t<div class=\"elementor-container elementor-column-gap-default\">\n\t\t\t\t\t<div class=\"elementor-column elementor-col-100 elementor-top-column elementor-element elementor-element-7a8d0f98\" data-id=\"7a8d0f98\" data-element_type=\"column\">\n\t\t\t<div class=\"elementor-widget-wrap elementor-element-populated\">\n\t\t\t\t\t\t\t\t<div class=\"elementor-element elementor-element-c720fbc elementor-widget elementor-widget-heading\" data-id=\"c720fbc\" data-element_type=\"widget\" data-widget_type=\"heading.default\">\n\t\t\t\t<div class=\"elementor-widget-container\">\n\t\t\t<h2 class=\"elementor-heading-title elementor-size-default\">Z\u00e1kladn\u00e9 ustanovenia<\/h2>\t\t<\/div>\n\t\t\t\t<\/div>\n\t\t\t\t<div class=\"elementor-element elementor-element-5e3f462 elementor-widget elementor-widget-text-editor\" data-id=\"5e3f462\" data-element_type=\"widget\" data-widget_type=\"text-editor.default\">\n\t\t\t\t<div class=\"elementor-widget-container\">\n\t\t\t\t\t\t\t<p>Tieto obchodn\u00e9 podmienky upravuj\u00fa odberate\u013esko-dod\u00e1vate\u013esk\u00e9 vz\u0165ahy medzi pred\u00e1vaj\u00facim &#8211; prev\u00e1dzkovate\u013e internetov\u00e9ho obchodu www.playlingolandia.com spolo\u010dnos\u0165 AR Solution, s.r.o. I\u010cO 44 278 896 so s\u00eddlom Tolst\u00e9ho 160\/2, 040 01 Ko\u0161ice) a kupuj\u00facim \u2013 fyzick\u00e1 alebo pr\u00e1vnick\u00e1 osoba, ktor\u00e1 zrealizuje objedn\u00e1vku na webov\u00fdch str\u00e1nkach www.playlingolandia.com<\/p>\n\t\t\t\t\t\t<\/div>\n\t\t\t\t<\/div>\n\t\t\t\t<div class=\"elementor-element elementor-element-3062a35 elementor-widget elementor-widget-heading\" data-id=\"3062a35\" data-element_type=\"widget\" data-widget_type=\"heading.default\">\n\t\t\t\t<div class=\"elementor-widget-container\">\n\t\t\t<h2 class=\"elementor-heading-title elementor-size-default\">K\u00fapna zmluva a objedn\u00e1vka<\/h2>\t\t<\/div>\n\t\t\t\t<\/div>\n\t\t\t\t<div class=\"elementor-element elementor-element-cac1a70 elementor-widget elementor-widget-text-editor\" data-id=\"cac1a70\" data-element_type=\"widget\" data-widget_type=\"text-editor.default\">\n\t\t\t\t<div class=\"elementor-widget-container\">\n\t\t\t\t\t\t\t<p>K\u00fapna zmluva vznik\u00e1 na z\u00e1klade z\u00e1v\u00e4zn\u00e9ho potvrdenia objedn\u00e1vky bu\u010f na str\u00e1nkach www.playlingolandia.com, telefonicky alebo emailom zo strany kupuj\u00faceho. Potvrden\u00edm objedn\u00e1vky kupuj\u00faci s\u00fahlas\u00ed s t\u00fdmito obchodn\u00fdmi podmienkami a potvrdzuje, \u017ee v\u0161etky \u00fadaje a n\u00e1le\u017eitosti po\u017eadovan\u00e9 pri vyp\u013a\u0148an\u00ed objedn\u00e1vky s\u00fa spr\u00e1vne a pravdiv\u00e9. Potvrden\u00edm a odoslan\u00edm objedn\u00e1vkov\u00e9ho formul\u00e1ra sa objedn\u00e1vka st\u00e1va pre kupuj\u00faceho z\u00e1v\u00e4znou s povinnos\u0165ou platby. V pr\u00edpade uvedenia ne\u00fapln\u00fdch alebo pochybnosti vzbudzuj\u00facich \u00fadajov, si pred\u00e1vaj\u00faci vyhradzuje pr\u00e1vo objedn\u00e1vku odmietnu\u0165, o \u010dom bude kupuj\u00faci n\u00e1sledne informovan\u00fd na emailov\u00fa adresu uveden\u00fa v objedn\u00e1vke.<\/p>\n<p><strong>\u200bPovinn\u00e9 \u00fadaje na objedn\u00e1vke:<\/strong><\/p>\n<ul>\n<li>Meno a priezvisko kupuj\u00faceho<\/li>\n<li>Dodacia adresa<\/li>\n<li>Emailov\u00e1 adresa<\/li>\n<li>Telef\u00f3nne \u010d\u00edslo (povinn\u00fd \u00fadaj v pr\u00edpade doru\u010denia kuri\u00e9rom)<\/li>\n<\/ul>\n\t\t\t\t\t\t<\/div>\n\t\t\t\t<\/div>\n\t\t\t\t<div class=\"elementor-element elementor-element-0cc6989 elementor-widget elementor-widget-heading\" data-id=\"0cc6989\" data-element_type=\"widget\" data-widget_type=\"heading.default\">\n\t\t\t\t<div class=\"elementor-widget-container\">\n\t\t\t<h4 class=\"elementor-heading-title elementor-size-default\">ODST\u00daPENIE OD ZMLUVY<\/h4>\t\t<\/div>\n\t\t\t\t<\/div>\n\t\t\t\t<div class=\"elementor-element elementor-element-b27ea65 elementor-widget elementor-widget-text-editor\" data-id=\"b27ea65\" data-element_type=\"widget\" data-widget_type=\"text-editor.default\">\n\t\t\t\t<div class=\"elementor-widget-container\">\n\t\t\t\t\t\t\t<p>Kupuj\u00faci je opr\u00e1vnen\u00fd odst\u00fapi\u0165 od zmluvy do 14 pracovn\u00fdch dn\u00ed odo d\u0148a prevzatia tovaru a to aj bez udania d\u00f4vodu. V tomto pr\u00edpade je potrebn\u00e9 dodr\u017ea\u0165 nasledovn\u00e9 podmienky:<\/p>\n<ul>\n<li>za\u0161lite \u017eiados\u0165 o odst\u00fapenie od zmluvy na kontaktn\u00fa emailov\u00fa adresu predajcu s uveden\u00edm nasledovn\u00fdch \u00fadajov &#8211; Meno a priezvisko, \u010d\u00edslo objedn\u00e1vky\/fakt\u00fary a \u010d\u00edslo \u00fa\u010dtu na ktor\u00fd po\u017eadujete vr\u00e1ti\u0165 finan\u010dn\u00e9 prostriedky<\/li>\n<li>tovar za\u0161lite sp\u00e4\u0165 na adresu predajcu (adresa AR Solution, s.r.o., Tolst\u00e9ho 160\/2, 040 01 Ko\u0161ice), spolu s tovarom je potrebn\u00e9 zasla\u0165 sp\u00e4\u0165 aj fakt\u00faru\/dodac\u00ed list<\/li>\n<li>tovar je potrebn\u00e9 zasla\u0165 doporu\u010dene s poisten\u00edm, dobierka nebude prevzat\u00e1. N\u00e1klady spojen\u00e9 so zaslan\u00edm zn\u00e1\u0161a kupuj\u00faci<\/li>\n<\/ul>\n\t\t\t\t\t\t<\/div>\n\t\t\t\t<\/div>\n\t\t\t\t<div class=\"elementor-element elementor-element-c4392e8 elementor-widget elementor-widget-text-editor\" data-id=\"c4392e8\" data-element_type=\"widget\" data-widget_type=\"text-editor.default\">\n\t\t\t\t<div class=\"elementor-widget-container\">\n\t\t\t\t\t\t\t<p>Pri splnen\u00ed podmienok bud\u00fa finan\u010dn\u00e9 prostriedky zaslan\u00e9 sp\u00e4\u0165 najnesk\u00f4r 14 dn\u00ed od doru\u010denia ozn\u00e1menia o odst\u00fapen\u00ed od zmluvy a prevzatia vr\u00e1ten\u00e9ho tovaru. V pr\u00edpade nesplnenia podmienok nebude mo\u017en\u00e9 vyhovie\u0165 \u017eiadosti o odst\u00fapenie od zmluvy.<\/p>\n<p>Pred\u00e1vaj\u00faci je opr\u00e1vnen\u00fd odst\u00fapi\u0165 od zmluvy v pr\u00edpade nedostupnosti tovaru alebo v pr\u00edpade v\u00fdraznej zmeny ceny tovaru.<\/p>\n\t\t\t\t\t\t<\/div>\n\t\t\t\t<\/div>\n\t\t\t\t<div class=\"elementor-element elementor-element-55e2cca elementor-widget elementor-widget-heading\" data-id=\"55e2cca\" data-element_type=\"widget\" data-widget_type=\"heading.default\">\n\t\t\t\t<div class=\"elementor-widget-container\">\n\t\t\t<h4 class=\"elementor-heading-title elementor-size-default\">Z\u00c1RU\u010cN\u00c9 PODMIENKY<\/h4>\t\t<\/div>\n\t\t\t\t<\/div>\n\t\t\t\t<div class=\"elementor-element elementor-element-3bb3474 elementor-widget elementor-widget-text-editor\" data-id=\"3bb3474\" data-element_type=\"widget\" data-widget_type=\"text-editor.default\">\n\t\t\t\t<div class=\"elementor-widget-container\">\n\t\t\t\t\t\t\t<p>Pokia\u013e nie je uveden\u00e9 inak sa na v\u0161etok tovar vz\u0165ahuje z\u00e1konom ur\u010den\u00e1 z\u00e1ru\u010dn\u00e1 lehota 24 mesiacov, ktor\u00e1 za\u010d\u00edna plyn\u00fa\u0165 d\u0148om prebrania tovaru zo strany kupuj\u00faceho. Kupuj\u00faci je povinn\u00fd v \u010do najkrat\u0161om mo\u017enom \u010dase po prevzat\u00ed si tovar prezrie\u0165 tak, aby zistil pr\u00edpadn\u00e9 chyby o ktor\u00fdch je povinn\u00fd ihne\u010f informova\u0165 pred\u00e1vaj\u00faceho.<\/p>\n\t\t\t\t\t\t<\/div>\n\t\t\t\t<\/div>\n\t\t\t\t<div class=\"elementor-element elementor-element-9b20abe elementor-widget elementor-widget-heading\" data-id=\"9b20abe\" data-element_type=\"widget\" data-widget_type=\"heading.default\">\n\t\t\t\t<div class=\"elementor-widget-container\">\n\t\t\t<h4 class=\"elementor-heading-title elementor-size-default\">REKLAMA\u010cN\u00c9 PODMIENKY<\/h4>\t\t<\/div>\n\t\t\t\t<\/div>\n\t\t\t\t<div class=\"elementor-element elementor-element-1c61958 elementor-widget elementor-widget-text-editor\" data-id=\"1c61958\" data-element_type=\"widget\" data-widget_type=\"text-editor.default\">\n\t\t\t\t<div class=\"elementor-widget-container\">\n\t\t\t\t\t\t\t<p><strong>Postup reklam\u00e1cie:<\/strong><\/p>\n<ul>\n<li>kupuj\u00faci informuje emailom pred\u00e1vaj\u00faceho o n\u00e1roku na reklam\u00e1ciu, kde uvedie n\u00e1zov tovaru, \u010d\u00edslo objedn\u00e1vky\/fakt\u00fary a podrobn\u00fd popis reklam\u00e1cie<\/li>\n<li>tovar za\u0161le doporu\u010dene na adresu pred\u00e1vaj\u00faceho (adresa AR Solution,s.r.o., Tolst\u00e9ho 160\/2, 040 01 Ko\u0161ice) spolu s k\u00f3piou fakt\u00fary &#8211; n\u00e1klady spojen\u00e9 so zaslan\u00edm zn\u00e1\u0161a kupuj\u00faci, v pr\u00edpade zaslania formou dobierky z\u00e1sielka nebude prevzat\u00e1<\/li>\n<li>po prijat\u00ed tovaru a pos\u00faden\u00ed opr\u00e1vnenosti reklam\u00e1cie bude kupuj\u00faci informovan\u00fd o forme rie\u0161enia reklam\u00e1cie a to najnesk\u00f4r 5 dn\u00ed od prevzatia reklamovan\u00e9ho tovaru<\/li>\n<li>reklam\u00e1cia bude vybaven\u00e1 najnesk\u00f4r do 30 dn\u00ed odo d\u0148a prevzatia reklamovan\u00e9ho tovaru pred\u00e1vaj\u00facim<\/li>\n<\/ul>\n\t\t\t\t\t\t<\/div>\n\t\t\t\t<\/div>\n\t\t\t\t<div class=\"elementor-element elementor-element-7cac7db elementor-widget elementor-widget-heading\" data-id=\"7cac7db\" data-element_type=\"widget\" data-widget_type=\"heading.default\">\n\t\t\t\t<div class=\"elementor-widget-container\">\n\t\t\t<h2 class=\"elementor-heading-title elementor-size-default\">Cena, platba a dodanie<\/h2>\t\t<\/div>\n\t\t\t\t<\/div>\n\t\t\t\t<div class=\"elementor-element elementor-element-19e9204 elementor-widget elementor-widget-text-editor\" data-id=\"19e9204\" data-element_type=\"widget\" data-widget_type=\"text-editor.default\">\n\t\t\t\t<div class=\"elementor-widget-container\">\n\t\t\t\t\t\t\t<p>V\u0161etky ceny na str\u00e1nkach www.playlingolandia.com s\u00fa uv\u00e1dzan\u00e9 s DPH. Cena v \u010dase objedn\u00e1vky je z\u00e1v\u00e4zn\u00e1 pre obe strany. Predajca si vyhradzuje pr\u00e1vo na zmenu ceny v pr\u00edpadoch v\u00fdraznej zmeny kurzu a pri zmen\u00e1ch cien u dod\u00e1vate\u013ea.<\/p>\n\t\t\t\t\t\t<\/div>\n\t\t\t\t<\/div>\n\t\t\t\t<div class=\"elementor-element elementor-element-0c2a892 elementor-widget elementor-widget-heading\" data-id=\"0c2a892\" data-element_type=\"widget\" data-widget_type=\"heading.default\">\n\t\t\t\t<div class=\"elementor-widget-container\">\n\t\t\t<h4 class=\"elementor-heading-title elementor-size-default\">PLATOBN\u00c9 PODMIENKY<\/h4>\t\t<\/div>\n\t\t\t\t<\/div>\n\t\t\t\t<div class=\"elementor-element elementor-element-877d12c elementor-widget elementor-widget-text-editor\" data-id=\"877d12c\" data-element_type=\"widget\" data-widget_type=\"text-editor.default\">\n\t\t\t\t<div class=\"elementor-widget-container\">\n\t\t\t\t\t\t\t<p>Za tovar objednan\u00fd na str\u00e1nkach www.playlingolandia.com je mo\u017en\u00e9 zaplati\u0165 nasledovn\u00fdmi sp\u00f4sobmi:<\/p>\n<ul>\n<li>v hotovosti pri preberan\u00ed z\u00e1sielky \u2013 dobierkou na po\u0161te, alebo u kuri\u00e9ra<\/li>\n<li>bankov\u00fdm prevodom na \u00fa\u010det na z\u00e1klade fakt\u00fary<\/li>\n<li>platobnou kartou <\/li>\n<li>priamym vkladom na \u00fa\u010det<\/li>\n<\/ul>\n\t\t\t\t\t\t<\/div>\n\t\t\t\t<\/div>\n\t\t\t\t<div class=\"elementor-element elementor-element-940542f elementor-widget elementor-widget-heading\" data-id=\"940542f\" data-element_type=\"widget\" data-widget_type=\"heading.default\">\n\t\t\t\t<div class=\"elementor-widget-container\">\n\t\t\t<h4 class=\"elementor-heading-title elementor-size-default\">DODANIE<\/h4>\t\t<\/div>\n\t\t\t\t<\/div>\n\t\t\t\t<div class=\"elementor-element elementor-element-024416c elementor-widget elementor-widget-text-editor\" data-id=\"024416c\" data-element_type=\"widget\" data-widget_type=\"text-editor.default\">\n\t\t\t\t<div class=\"elementor-widget-container\">\n\t\t\t\t\t\t\t<p>Ak je tovar skladom, a zvolili ste platbu vopred na \u00fa\u010det, Va\u0161a objedn\u00e1vka bude odoslan\u00e1(odovzdan\u00e1 doru\u010dovate\u013eovi) ihne\u010f po prijat\u00ed platby. Ak je tovar skladom, a zvolili ste platbu na dobierku, Va\u0161a objedn\u00e1vka bude odoslan\u00e1 najnesk\u00f4r do dvoch pracovn\u00fdch dn\u00ed (zvy\u010dajne nasleduj\u00faci pracovn\u00fd de\u0148). Ak tovar nie je skladom, budeme V\u00e1s v najkrat\u0161om mo\u017enom \u010dase kontaktova\u0165 s inform\u00e1ciou oh\u013eadom predpokladan\u00e9ho term\u00ednu doru\u010denia.<\/p>\n<p>Dodanie tovaru je zabezpe\u010dovan\u00e9 \u0161tandardne prostredn\u00edctvom Slovenskej po\u0161ty. Z\u00e1sielkovne alebo kuri\u00e9rom. In\u00fd sp\u00f4sob dopravy si je mo\u017en\u00e9 individu\u00e1lne dohodn\u00fa\u0165 prostredn\u00edctvom e-mailu playlingolandia@gmail.com.<\/p>\n<p><strong>\u200bPred\u00e1vaj\u00faci nenesie zodpovednos\u0165:<\/strong><\/p>\n<ul>\n<li>za oneskoren\u00e9 doru\u010denie tovaru zavinen\u00e9, po\u0161tou, kuri\u00e9rskou spolo\u010dnos\u0165ou, nespr\u00e1vne uvedenou dodacou adresou kupuj\u00faceho alebo z\u00e1sahom vy\u0161\u0161ej moci.<\/li>\n<li>za po\u0161kodenie z\u00e1sielky zavinen\u00e9 po\u0161tou alebo kuri\u00e9rskou spolo\u010dnos\u0165ou<\/li>\n<\/ul>\n\t\t\t\t\t\t<\/div>\n\t\t\t\t<\/div>\n\t\t\t\t<div class=\"elementor-element elementor-element-e606bc4 elementor-widget elementor-widget-heading\" data-id=\"e606bc4\" data-element_type=\"widget\" data-widget_type=\"heading.default\">\n\t\t\t\t<div class=\"elementor-widget-container\">\n\t\t\t<h4 class=\"elementor-heading-title elementor-size-default\">CENY PO\u0160TOVN\u00c9HO<\/h4>\t\t<\/div>\n\t\t\t\t<\/div>\n\t\t\t\t<div class=\"elementor-element elementor-element-2e09d34 elementor-widget elementor-widget-text-editor\" data-id=\"2e09d34\" data-element_type=\"widget\" data-widget_type=\"text-editor.default\">\n\t\t\t\t<div class=\"elementor-widget-container\">\n\t\t\t\t\t\t\t<p>Pri platbe vopred je po\u0161tovn\u00e9 ZDARMA. Pri platbe na dobierku je po\u0161tovn\u00e9 prostredn\u00edctvom kuri\u00e9ra alebo Slovenskej po\u0161ty v r\u00e1mci celej Slovenskej republiky 4,50 \u20ac. Pri platbe na dobierku je po\u0161tovn\u00e9 prostredn\u00edctvom Z\u00e1sielkovne vo v\u00fd\u0161ke 2,50 \u20ac.<\/p>\n<p>In\u00fd sp\u00f4sob doru\u010denia alebo doru\u010denia mimo Slovenskej republiky je potrebn\u00e9 dohodn\u00fa\u0165 individu\u00e1lne zaslan\u00edm po\u017eiadavky na e-mail playlingolandia@gmail.com.<\/p>\n\t\t\t\t\t\t<\/div>\n\t\t\t\t<\/div>\n\t\t\t\t\t<\/div>\n\t\t<\/div>\n\t\t\t\t\t\t\t<\/div>\n\t\t<\/section>\n\t\t\t\t<section class=\"elementor-section elementor-top-section elementor-element elementor-element-36fccf9d elementor-section-boxed elementor-section-height-default elementor-section-height-default\" data-id=\"36fccf9d\" data-element_type=\"section\" data-settings=\"{&quot;background_background&quot;:&quot;classic&quot;}\">\n\t\t\t\t\t\t<div class=\"elementor-container elementor-column-gap-default\">\n\t\t\t\t\t<div class=\"elementor-column elementor-col-100 elementor-top-column elementor-element elementor-element-592a8e21\" data-id=\"592a8e21\" data-element_type=\"column\">\n\t\t\t<div class=\"elementor-widget-wrap elementor-element-populated\">\n\t\t\t\t\t\t\t\t<section class=\"elementor-section elementor-inner-section elementor-element elementor-element-6a1ead8a elementor-reverse-mobile elementor-section-boxed elementor-section-height-default elementor-section-height-default\" data-id=\"6a1ead8a\" data-element_type=\"section\" data-settings=\"{&quot;background_background&quot;:&quot;classic&quot;}\">\n\t\t\t\t\t\t<div class=\"elementor-container elementor-column-gap-default\">\n\t\t\t\t\t<div class=\"elementor-column elementor-col-50 elementor-inner-column elementor-element elementor-element-361f8931\" data-id=\"361f8931\" data-element_type=\"column\" data-settings=\"{&quot;background_background&quot;:&quot;classic&quot;}\">\n\t\t\t<div class=\"elementor-widget-wrap elementor-element-populated\">\n\t\t\t\t\t\t\t\t<div class=\"elementor-element elementor-element-2babaab elementor-widget elementor-widget-image\" data-id=\"2babaab\" data-element_type=\"widget\" data-widget_type=\"image.default\">\n\t\t\t\t<div class=\"elementor-widget-container\">\n\t\t\t\t\t\t\t\t\t\t\t\t\t\t\t<img loading=\"lazy\" decoding=\"async\" width=\"425\" height=\"272\" src=\"https:\/\/lingolandia.sk\/wp-content\/uploads\/originalne-dobrodruzstvo.png\" class=\"attachment-large size-large\" alt=\"\" \/>\t\t\t\t\t\t\t\t\t\t\t\t\t\t\t<\/div>\n\t\t\t\t<\/div>\n\t\t\t\t\t<\/div>\n\t\t<\/div>\n\t\t\t\t<div class=\"elementor-column elementor-col-50 elementor-inner-column elementor-element elementor-element-6af5bc01\" data-id=\"6af5bc01\" data-element_type=\"column\">\n\t\t\t<div class=\"elementor-widget-wrap elementor-element-populated\">\n\t\t\t\t\t\t\t\t<div class=\"elementor-element elementor-element-65cee5ec elementor-widget elementor-widget-heading\" data-id=\"65cee5ec\" data-element_type=\"widget\" data-widget_type=\"heading.default\">\n\t\t\t\t<div class=\"elementor-widget-container\">\n\t\t\t<h2 class=\"elementor-heading-title elementor-size-default\">Are you ready for a language adventure?<\/h2>\t\t<\/div>\n\t\t\t\t<\/div>\n\t\t\t\t<div class=\"elementor-element elementor-element-7ca0f06d elementor-mobile-align-center elementor-widget elementor-widget-button\" data-id=\"7ca0f06d\" data-element_type=\"widget\" data-widget_type=\"button.default\">\n\t\t\t\t<div class=\"elementor-widget-container\">\n\t\t\t\t\t<div class=\"elementor-button-wrapper\">\n\t\t\t<a href=\"https:\/\/lingolandia.sk\/produkt\/spolocenska-hra-lingolandia\/\" class=\"elementor-button-link elementor-button elementor-size-sm\" role=\"button\">\n\t\t\t\t\t\t<span class=\"elementor-button-content-wrapper\">\n\t\t\t\t\t\t<span class=\"elementor-button-text\">Buy Lingolandia<\/span>\n\t\t<\/span>\n\t\t\t\t\t<\/a>\n\t\t<\/div>\n\t\t\t\t<\/div>\n\t\t\t\t<\/div>\n\t\t\t\t\t<\/div>\n\t\t<\/div>\n\t\t\t\t\t\t\t<\/div>\n\t\t<\/section>\n\t\t\t\t\t<\/div>\n\t\t<\/div>\n\t\t\t\t\t\t\t<\/div>\n\t\t<\/section>\n\t\t\t\t<section class=\"elementor-section elementor-top-section elementor-element elementor-element-3d8a2a19 elementor-section-boxed elementor-section-height-default elementor-section-height-default\" data-id=\"3d8a2a19\" data-element_type=\"section\">\n\t\t\t\t\t\t<div class=\"elementor-container elementor-column-gap-default\">\n\t\t\t\t\t<div class=\"elementor-column elementor-col-100 elementor-top-column elementor-element elementor-element-28c60094\" data-id=\"28c60094\" data-element_type=\"column\">\n\t\t\t<div class=\"elementor-widget-wrap elementor-element-populated\">\n\t\t\t\t\t\t\t\t<div class=\"elementor-element elementor-element-168b7d8d elementor-widget elementor-widget-spacer\" data-id=\"168b7d8d\" data-element_type=\"widget\" data-widget_type=\"spacer.default\">\n\t\t\t\t<div class=\"elementor-widget-container\">\n\t\t\t\t\t<div class=\"elementor-spacer\">\n\t\t\t<div class=\"elementor-spacer-inner\"><\/div>\n\t\t<\/div>\n\t\t\t\t<\/div>\n\t\t\t\t<\/div>\n\t\t\t\t\t<\/div>\n\t\t<\/div>\n\t\t\t\t\t\t\t<\/div>\n\t\t<\/section>\n\t\t\t\t\t\t\t<\/div>\n\t\t","protected":false},"excerpt":{"rendered":"<p>Z\u00e1kladn\u00e9 ustanovenia Tieto obchodn\u00e9 podmienky upravuj\u00fa odberate\u013esko-dod\u00e1vate\u013esk\u00e9 vz\u0165ahy medzi pred\u00e1vaj\u00facim &#8211; prev\u00e1dzkovate\u013e internetov\u00e9ho obchodu www.playlingolandia.com spolo\u010dnos\u0165 AR Solution, s.r.o. I\u010cO 44 278 896 so s\u00eddlom Tolst\u00e9ho 160\/2, 040 01 Ko\u0161ice) a kupuj\u00facim \u2013 fyzick\u00e1 alebo pr\u00e1vnick\u00e1 osoba, ktor\u00e1 zrealizuje objedn\u00e1vku na webov\u00fdch str\u00e1nkach www.playlingolandia.com K\u00fapna zmluva a objedn\u00e1vka K\u00fapna zmluva vznik\u00e1 na z\u00e1klade z\u00e1v\u00e4zn\u00e9ho potvrdenia [&hellip;]<\/p>\n","protected":false},"author":1,"featured_media":0,"parent":0,"menu_order":0,"comment_status":"closed","ping_status":"closed","template":"","meta":{"_mo_disable_npp":"","footnotes":""},"class_list":["post-926","page","type-page","status-publish","hentry"],"yoast_head":"<!-- This site is optimized with the Yoast SEO plugin v19.10 - https:\/\/yoast.com\/wordpress\/plugins\/seo\/ -->\n<title>General terms and conditions | Lingolandia | General informations<\/title>\n<meta name=\"description\" content=\"General terms and conditions of company AR Solution, s.r.o.\" \/>\n<meta name=\"robots\" content=\"index, follow, max-snippet:-1, max-image-preview:large, max-video-preview:-1\" \/>\n<link rel=\"canonical\" href=\"https:\/\/lingolandia.sk\/en\/general-terms-and-conditions\/\" \/>\n<meta property=\"og:locale\" content=\"en_US\" \/>\n<meta property=\"og:type\" content=\"article\" \/>\n<meta property=\"og:title\" content=\"General terms and conditions | Lingolandia | General informations\" \/>\n<meta property=\"og:description\" content=\"General terms and conditions of company AR Solution, s.r.o.\" \/>\n<meta property=\"og:url\" content=\"https:\/\/lingolandia.sk\/en\/general-terms-and-conditions\/\" \/>\n<meta property=\"og:site_name\" content=\"Lingolandia\" \/>\n<meta property=\"article:modified_time\" content=\"2021-10-12T13:02:43+00:00\" \/>\n<meta property=\"og:image\" content=\"https:\/\/playlingolandia.com\/wp-content\/uploads\/originalne-dobrodruzstvo.png\" \/>\n<meta name=\"twitter:card\" content=\"summary_large_image\" \/>\n<meta name=\"twitter:label1\" content=\"Est. reading time\" \/>\n\t<meta name=\"twitter:data1\" content=\"5 minutes\" \/>\n<script type=\"application\/ld+json\" class=\"yoast-schema-graph\">{\"@context\":\"https:\/\/schema.org\",\"@graph\":[{\"@type\":\"WebPage\",\"@id\":\"https:\/\/lingolandia.sk\/en\/general-terms-and-conditions\/\",\"url\":\"https:\/\/lingolandia.sk\/en\/general-terms-and-conditions\/\",\"name\":\"General terms and conditions | Lingolandia | General informations\",\"isPartOf\":{\"@id\":\"https:\/\/lingolandia.sk\/en\/#website\"},\"datePublished\":\"2021-10-12T13:02:36+00:00\",\"dateModified\":\"2021-10-12T13:02:43+00:00\",\"description\":\"General terms and conditions of company AR Solution, s.r.o.\",\"breadcrumb\":{\"@id\":\"https:\/\/lingolandia.sk\/en\/general-terms-and-conditions\/#breadcrumb\"},\"inLanguage\":\"en-US\",\"potentialAction\":[{\"@type\":\"ReadAction\",\"target\":[\"https:\/\/lingolandia.sk\/en\/general-terms-and-conditions\/\"]}]},{\"@type\":\"BreadcrumbList\",\"@id\":\"https:\/\/lingolandia.sk\/en\/general-terms-and-conditions\/#breadcrumb\",\"itemListElement\":[{\"@type\":\"ListItem\",\"position\":1,\"name\":\"Domovsk\u00e1 str\u00e1nka\",\"item\":\"https:\/\/lingolandia.sk\/en\/\"},{\"@type\":\"ListItem\",\"position\":2,\"name\":\"General terms and conditions\"}]},{\"@type\":\"WebSite\",\"@id\":\"https:\/\/lingolandia.sk\/en\/#website\",\"url\":\"https:\/\/lingolandia.sk\/en\/\",\"name\":\"Lingolandia\",\"description\":\"multilingual game\",\"potentialAction\":[{\"@type\":\"SearchAction\",\"target\":{\"@type\":\"EntryPoint\",\"urlTemplate\":\"https:\/\/lingolandia.sk\/en\/?s={search_term_string}\"},\"query-input\":\"required name=search_term_string\"}],\"inLanguage\":\"en-US\"}]}<\/script>\n<!-- \/ Yoast SEO plugin. -->","yoast_head_json":{"title":"General terms and conditions | Lingolandia | General informations","description":"General terms and conditions of company AR Solution, s.r.o.","robots":{"index":"index","follow":"follow","max-snippet":"max-snippet:-1","max-image-preview":"max-image-preview:large","max-video-preview":"max-video-preview:-1"},"canonical":"https:\/\/lingolandia.sk\/en\/general-terms-and-conditions\/","og_locale":"en_US","og_type":"article","og_title":"General terms and conditions | Lingolandia | General informations","og_description":"General terms and conditions of company AR Solution, s.r.o.","og_url":"https:\/\/lingolandia.sk\/en\/general-terms-and-conditions\/","og_site_name":"Lingolandia","article_modified_time":"2021-10-12T13:02:43+00:00","og_image":[{"url":"https:\/\/playlingolandia.com\/wp-content\/uploads\/originalne-dobrodruzstvo.png"}],"twitter_card":"summary_large_image","twitter_misc":{"Est. reading time":"5 minutes"},"schema":{"@context":"https:\/\/schema.org","@graph":[{"@type":"WebPage","@id":"https:\/\/lingolandia.sk\/en\/general-terms-and-conditions\/","url":"https:\/\/lingolandia.sk\/en\/general-terms-and-conditions\/","name":"General terms and conditions | Lingolandia | General informations","isPartOf":{"@id":"https:\/\/lingolandia.sk\/en\/#website"},"datePublished":"2021-10-12T13:02:36+00:00","dateModified":"2021-10-12T13:02:43+00:00","description":"General terms and conditions of company AR Solution, s.r.o.","breadcrumb":{"@id":"https:\/\/lingolandia.sk\/en\/general-terms-and-conditions\/#breadcrumb"},"inLanguage":"en-US","potentialAction":[{"@type":"ReadAction","target":["https:\/\/lingolandia.sk\/en\/general-terms-and-conditions\/"]}]},{"@type":"BreadcrumbList","@id":"https:\/\/lingolandia.sk\/en\/general-terms-and-conditions\/#breadcrumb","itemListElement":[{"@type":"ListItem","position":1,"name":"Domovsk\u00e1 str\u00e1nka","item":"https:\/\/lingolandia.sk\/en\/"},{"@type":"ListItem","position":2,"name":"General terms and conditions"}]},{"@type":"WebSite","@id":"https:\/\/lingolandia.sk\/en\/#website","url":"https:\/\/lingolandia.sk\/en\/","name":"Lingolandia","description":"multilingual game","potentialAction":[{"@type":"SearchAction","target":{"@type":"EntryPoint","urlTemplate":"https:\/\/lingolandia.sk\/en\/?s={search_term_string}"},"query-input":"required name=search_term_string"}],"inLanguage":"en-US"}]}},"_links":{"self":[{"href":"https:\/\/lingolandia.sk\/en\/wp-json\/wp\/v2\/pages\/926","targetHints":{"allow":["GET"]}}],"collection":[{"href":"https:\/\/lingolandia.sk\/en\/wp-json\/wp\/v2\/pages"}],"about":[{"href":"https:\/\/lingolandia.sk\/en\/wp-json\/wp\/v2\/types\/page"}],"author":[{"embeddable":true,"href":"https:\/\/lingolandia.sk\/en\/wp-json\/wp\/v2\/users\/1"}],"replies":[{"embeddable":true,"href":"https:\/\/lingolandia.sk\/en\/wp-json\/wp\/v2\/comments?post=926"}],"version-history":[{"count":3,"href":"https:\/\/lingolandia.sk\/en\/wp-json\/wp\/v2\/pages\/926\/revisions"}],"predecessor-version":[{"id":929,"href":"https:\/\/lingolandia.sk\/en\/wp-json\/wp\/v2\/pages\/926\/revisions\/929"}],"wp:attachment":[{"href":"https:\/\/lingolandia.sk\/en\/wp-json\/wp\/v2\/media?parent=926"}],"curies":[{"name":"wp","href":"https:\/\/api.w.org\/{rel}","templated":true}]}}