{"id":932,"date":"2021-10-12T15:03:25","date_gmt":"2021-10-12T13:03:25","guid":{"rendered":"https:\/\/playlingolandia.com\/legal-provisions\/"},"modified":"2021-10-12T15:03:44","modified_gmt":"2021-10-12T13:03:44","slug":"legal-provisions","status":"publish","type":"page","link":"https:\/\/lingolandia.sk\/en\/legal-provisions\/","title":{"rendered":"Legal provisions"},"content":{"rendered":"\t\t<div data-elementor-type=\"wp-page\" data-elementor-id=\"932\" class=\"elementor elementor-932 elementor-465\">\n\t\t\t\t\t\t\t\t\t<section class=\"elementor-section elementor-top-section elementor-element elementor-element-1fc46bd1 elementor-section-boxed elementor-section-height-default elementor-section-height-default\" data-id=\"1fc46bd1\" data-element_type=\"section\">\n\t\t\t\t\t\t<div class=\"elementor-container elementor-column-gap-default\">\n\t\t\t\t\t<div class=\"elementor-column elementor-col-100 elementor-top-column elementor-element elementor-element-665381c\" data-id=\"665381c\" data-element_type=\"column\">\n\t\t\t<div class=\"elementor-widget-wrap elementor-element-populated\">\n\t\t\t\t\t\t\t\t<div class=\"elementor-element elementor-element-768ae83 elementor-widget elementor-widget-text-editor\" data-id=\"768ae83\" data-element_type=\"widget\" data-widget_type=\"text-editor.default\">\n\t\t\t\t<div class=\"elementor-widget-container\">\n\t\t\t\t\t\t\t<p>V\u0161etky autorsk\u00e9 pr\u00e1va a pr\u00e1va du\u0161evn\u00e9ho vlastn\u00edctva (napr. ochrann\u00e1 zn\u00e1mka, ilustr\u00e1cie, dizajny a pod.) k produktom zna\u010dky Lingolandia, publikovan\u00fdm na str\u00e1nke www.playlingolandia.com a s\u00favisiacich str\u00e1nkach, s\u00fa vo vlastn\u00edctve spolo\u010dnosti AR Solutioni s.r.o. a Nina Sefcik Illustration &amp; Design. Bez udelenia p\u00edsomnej licencie alebo sublicencie od spolo\u010dnosti AR Solution s.r.o. a Nina Sefcik Illustration &amp; Design nie je mo\u017en\u00e9 produkty a ilustr\u00e1cie Lingolandia kop\u00edrova\u0165, napodob\u0148ova\u0165, rozmno\u017eova\u0165, modifikova\u0165 ani inak upravova\u0165.<\/p>\n<p>Ak\u00e9ko\u013evek neopr\u00e1vnen\u00e9 pou\u017e\u00edvanie a\/alebo napodob\u0148ovanie produktov zn. Lingolandia je zak\u00e1zan\u00e9. Ak\u00e1ko\u013evek v\u00fdroba a\/alebo distrib\u00facia v\u00fdrobkov, ktor\u00e9 s\u00fa v\u010faka svojej podobnosti s v\u00fdrobkami a ilustr\u00e1ciami Lingolandia sp\u00f4sobil\u00e9 vyvola\u0165 u spotrebite\u013ea nebezpe\u010denstvo z\u00e1meny s v\u00fdrobkami Lingolandia, s\u00fa zak\u00e1zan\u00e9.<\/p>\n<p>Zakazuje sa pred\u00e1va\u0165 in\u00e9 produkty s pou\u017eit\u00edm ilustr\u00e1ci\u00ed Lingolandia pod in\u00fdm logom, ktor\u00e9 je sp\u00f4sobil\u00e9 vyvola\u0165 u spotrebite\u013ea nebezpe\u010denstvo z\u00e1meny s produktami Lingolandia. Ak\u00e9ko\u013evek parazitovanie na povesti zna\u010dky Lingolandia a\/alebo na v\u00fdrobkoch a ilustr\u00e1ci\u00e1ch Lingolandia je zak\u00e1zan\u00e9 a v pr\u00edpade zistenia bude sankcionovan\u00e9. V pr\u00edpade, \u017ee m\u00e1te pochybnosti o tom, \u010di V\u00e1\u0161 v\u00fdrobok poru\u0161uje autorsk\u00e9 pr\u00e1va alebo pr\u00e1va du\u0161evn\u00e9ho vlastn\u00edctva spolo\u010dnosti AR Solution s.r.o. a Nina Sefcik Illustration &amp; Design, odpor\u00fa\u010dame V\u00e1m e\u0161te pred uveden\u00edm tak\u00e9ho v\u00fdrobku na trh najprv kontaktova\u0165 na\u0161u spolo\u010dnos\u0165 za \u00fa\u010delom pred\u00eddenia neskor\u0161\u00edch komplik\u00e1ci\u00ed.<\/p>\n<p>\u200b<strong>\u010eakujeme, \u017ee re\u0161pektujete na\u0161e autorsk\u00e9 pr\u00e1va a podporujete na\u0161u tvorbu!<\/strong><\/p>\n\t\t\t\t\t\t<\/div>\n\t\t\t\t<\/div>\n\t\t\t\t\t<\/div>\n\t\t<\/div>\n\t\t\t\t\t\t\t<\/div>\n\t\t<\/section>\n\t\t\t\t<section class=\"elementor-section elementor-top-section elementor-element elementor-element-62ab7383 elementor-section-boxed elementor-section-height-default elementor-section-height-default\" data-id=\"62ab7383\" data-element_type=\"section\" data-settings=\"{&quot;background_background&quot;:&quot;classic&quot;}\">\n\t\t\t\t\t\t<div class=\"elementor-container elementor-column-gap-default\">\n\t\t\t\t\t<div class=\"elementor-column elementor-col-100 elementor-top-column elementor-element elementor-element-5f633818\" data-id=\"5f633818\" data-element_type=\"column\">\n\t\t\t<div class=\"elementor-widget-wrap elementor-element-populated\">\n\t\t\t\t\t\t\t\t<section class=\"elementor-section elementor-inner-section elementor-element elementor-element-38e8f69a elementor-reverse-mobile elementor-section-boxed elementor-section-height-default elementor-section-height-default\" data-id=\"38e8f69a\" data-element_type=\"section\" data-settings=\"{&quot;background_background&quot;:&quot;classic&quot;}\">\n\t\t\t\t\t\t<div class=\"elementor-container elementor-column-gap-default\">\n\t\t\t\t\t<div class=\"elementor-column elementor-col-50 elementor-inner-column elementor-element elementor-element-2c0ad8cf\" data-id=\"2c0ad8cf\" data-element_type=\"column\" data-settings=\"{&quot;background_background&quot;:&quot;classic&quot;}\">\n\t\t\t<div class=\"elementor-widget-wrap elementor-element-populated\">\n\t\t\t\t\t\t\t\t<div class=\"elementor-element elementor-element-793a985a elementor-widget elementor-widget-image\" data-id=\"793a985a\" data-element_type=\"widget\" data-widget_type=\"image.default\">\n\t\t\t\t<div class=\"elementor-widget-container\">\n\t\t\t\t\t\t\t\t\t\t\t\t\t\t\t<img loading=\"lazy\" decoding=\"async\" width=\"425\" height=\"272\" src=\"https:\/\/lingolandia.sk\/wp-content\/uploads\/originalne-dobrodruzstvo.png\" class=\"attachment-large size-large\" alt=\"\" \/>\t\t\t\t\t\t\t\t\t\t\t\t\t\t\t<\/div>\n\t\t\t\t<\/div>\n\t\t\t\t\t<\/div>\n\t\t<\/div>\n\t\t\t\t<div class=\"elementor-column elementor-col-50 elementor-inner-column elementor-element elementor-element-2cae99b8\" data-id=\"2cae99b8\" data-element_type=\"column\">\n\t\t\t<div class=\"elementor-widget-wrap elementor-element-populated\">\n\t\t\t\t\t\t\t\t<div class=\"elementor-element elementor-element-1360bebe elementor-widget elementor-widget-heading\" data-id=\"1360bebe\" data-element_type=\"widget\" data-widget_type=\"heading.default\">\n\t\t\t\t<div class=\"elementor-widget-container\">\n\t\t\t<h2 class=\"elementor-heading-title elementor-size-default\">Are you ready for a language adventure?<\/h2>\t\t<\/div>\n\t\t\t\t<\/div>\n\t\t\t\t<div class=\"elementor-element elementor-element-2259e246 elementor-mobile-align-center elementor-widget elementor-widget-button\" data-id=\"2259e246\" data-element_type=\"widget\" data-widget_type=\"button.default\">\n\t\t\t\t<div class=\"elementor-widget-container\">\n\t\t\t\t\t<div class=\"elementor-button-wrapper\">\n\t\t\t<a href=\"https:\/\/lingolandia.sk\/produkt\/spolocenska-hra-lingolandia\/\" class=\"elementor-button-link elementor-button elementor-size-sm\" role=\"button\">\n\t\t\t\t\t\t<span class=\"elementor-button-content-wrapper\">\n\t\t\t\t\t\t<span class=\"elementor-button-text\">Buy Lingolandia<\/span>\n\t\t<\/span>\n\t\t\t\t\t<\/a>\n\t\t<\/div>\n\t\t\t\t<\/div>\n\t\t\t\t<\/div>\n\t\t\t\t\t<\/div>\n\t\t<\/div>\n\t\t\t\t\t\t\t<\/div>\n\t\t<\/section>\n\t\t\t\t\t<\/div>\n\t\t<\/div>\n\t\t\t\t\t\t\t<\/div>\n\t\t<\/section>\n\t\t\t\t<section class=\"elementor-section elementor-top-section elementor-element elementor-element-7457cbfe elementor-section-boxed elementor-section-height-default elementor-section-height-default\" data-id=\"7457cbfe\" data-element_type=\"section\">\n\t\t\t\t\t\t<div class=\"elementor-container elementor-column-gap-default\">\n\t\t\t\t\t<div class=\"elementor-column elementor-col-100 elementor-top-column elementor-element elementor-element-342f0548\" data-id=\"342f0548\" data-element_type=\"column\">\n\t\t\t<div class=\"elementor-widget-wrap elementor-element-populated\">\n\t\t\t\t\t\t\t\t<div class=\"elementor-element elementor-element-597abdec elementor-widget elementor-widget-spacer\" data-id=\"597abdec\" data-element_type=\"widget\" data-widget_type=\"spacer.default\">\n\t\t\t\t<div class=\"elementor-widget-container\">\n\t\t\t\t\t<div class=\"elementor-spacer\">\n\t\t\t<div class=\"elementor-spacer-inner\"><\/div>\n\t\t<\/div>\n\t\t\t\t<\/div>\n\t\t\t\t<\/div>\n\t\t\t\t\t<\/div>\n\t\t<\/div>\n\t\t\t\t\t\t\t<\/div>\n\t\t<\/section>\n\t\t\t\t\t\t\t<\/div>\n\t\t","protected":false},"excerpt":{"rendered":"<p>V\u0161etky autorsk\u00e9 pr\u00e1va a pr\u00e1va du\u0161evn\u00e9ho vlastn\u00edctva (napr. ochrann\u00e1 zn\u00e1mka, ilustr\u00e1cie, dizajny a pod.) k produktom zna\u010dky Lingolandia, publikovan\u00fdm na str\u00e1nke www.playlingolandia.com a s\u00favisiacich str\u00e1nkach, s\u00fa vo vlastn\u00edctve spolo\u010dnosti AR Solutioni s.r.o. a Nina Sefcik Illustration &amp; Design. Bez udelenia p\u00edsomnej licencie alebo sublicencie od spolo\u010dnosti AR Solution s.r.o. a Nina Sefcik Illustration &amp; Design [&hellip;]<\/p>\n","protected":false},"author":1,"featured_media":0,"parent":0,"menu_order":0,"comment_status":"closed","ping_status":"closed","template":"","meta":{"_mo_disable_npp":"","footnotes":""},"class_list":["post-932","page","type-page","status-publish","hentry"],"yoast_head":"<!-- This site is optimized with the Yoast SEO plugin v19.10 - https:\/\/yoast.com\/wordpress\/plugins\/seo\/ -->\n<title>Legal provisions | Lingolandia | Intellectual Property<\/title>\n<meta name=\"description\" content=\"V\u0161etky autorsk\u00e9 pr\u00e1va a pr\u00e1va du\u0161evn\u00e9ho vlastn\u00edctva (napr. ochrann\u00e1 zn\u00e1mka, ilustr\u00e1cie, dizajny a pod.) k produktom zna\u010dky Lingolandia, publikovan\u00fdm na str\u00e1nke www.playlingolandia.com a s\u00favisiacich str\u00e1nkach...\" \/>\n<meta name=\"robots\" content=\"index, follow, max-snippet:-1, max-image-preview:large, max-video-preview:-1\" \/>\n<link rel=\"canonical\" href=\"https:\/\/lingolandia.sk\/en\/legal-provisions\/\" \/>\n<meta property=\"og:locale\" content=\"en_US\" \/>\n<meta property=\"og:type\" content=\"article\" \/>\n<meta property=\"og:title\" content=\"Legal provisions | Lingolandia | Intellectual Property\" \/>\n<meta property=\"og:description\" content=\"V\u0161etky autorsk\u00e9 pr\u00e1va a pr\u00e1va du\u0161evn\u00e9ho vlastn\u00edctva (napr. ochrann\u00e1 zn\u00e1mka, ilustr\u00e1cie, dizajny a pod.) k produktom zna\u010dky Lingolandia, publikovan\u00fdm na str\u00e1nke www.playlingolandia.com a s\u00favisiacich str\u00e1nkach...\" \/>\n<meta property=\"og:url\" content=\"https:\/\/lingolandia.sk\/en\/legal-provisions\/\" \/>\n<meta property=\"og:site_name\" content=\"Lingolandia\" \/>\n<meta property=\"article:modified_time\" content=\"2021-10-12T13:03:44+00:00\" \/>\n<meta property=\"og:image\" content=\"https:\/\/playlingolandia.com\/wp-content\/uploads\/originalne-dobrodruzstvo.png\" \/>\n<meta name=\"twitter:card\" content=\"summary_large_image\" \/>\n<meta name=\"twitter:label1\" content=\"Est. reading time\" \/>\n\t<meta name=\"twitter:data1\" content=\"2 minutes\" \/>\n<script type=\"application\/ld+json\" class=\"yoast-schema-graph\">{\"@context\":\"https:\/\/schema.org\",\"@graph\":[{\"@type\":\"WebPage\",\"@id\":\"https:\/\/lingolandia.sk\/en\/legal-provisions\/\",\"url\":\"https:\/\/lingolandia.sk\/en\/legal-provisions\/\",\"name\":\"Legal provisions | Lingolandia | Intellectual Property\",\"isPartOf\":{\"@id\":\"https:\/\/lingolandia.sk\/en\/#website\"},\"datePublished\":\"2021-10-12T13:03:25+00:00\",\"dateModified\":\"2021-10-12T13:03:44+00:00\",\"description\":\"V\u0161etky autorsk\u00e9 pr\u00e1va a pr\u00e1va du\u0161evn\u00e9ho vlastn\u00edctva (napr. ochrann\u00e1 zn\u00e1mka, ilustr\u00e1cie, dizajny a pod.) k produktom zna\u010dky Lingolandia, publikovan\u00fdm na str\u00e1nke www.playlingolandia.com a s\u00favisiacich str\u00e1nkach...\",\"breadcrumb\":{\"@id\":\"https:\/\/lingolandia.sk\/en\/legal-provisions\/#breadcrumb\"},\"inLanguage\":\"en-US\",\"potentialAction\":[{\"@type\":\"ReadAction\",\"target\":[\"https:\/\/lingolandia.sk\/en\/legal-provisions\/\"]}]},{\"@type\":\"BreadcrumbList\",\"@id\":\"https:\/\/lingolandia.sk\/en\/legal-provisions\/#breadcrumb\",\"itemListElement\":[{\"@type\":\"ListItem\",\"position\":1,\"name\":\"Domovsk\u00e1 str\u00e1nka\",\"item\":\"https:\/\/lingolandia.sk\/en\/\"},{\"@type\":\"ListItem\",\"position\":2,\"name\":\"Legal provisions\"}]},{\"@type\":\"WebSite\",\"@id\":\"https:\/\/lingolandia.sk\/en\/#website\",\"url\":\"https:\/\/lingolandia.sk\/en\/\",\"name\":\"Lingolandia\",\"description\":\"multilingual game\",\"potentialAction\":[{\"@type\":\"SearchAction\",\"target\":{\"@type\":\"EntryPoint\",\"urlTemplate\":\"https:\/\/lingolandia.sk\/en\/?s={search_term_string}\"},\"query-input\":\"required name=search_term_string\"}],\"inLanguage\":\"en-US\"}]}<\/script>\n<!-- \/ Yoast SEO plugin. -->","yoast_head_json":{"title":"Legal provisions | Lingolandia | Intellectual Property","description":"V\u0161etky autorsk\u00e9 pr\u00e1va a pr\u00e1va du\u0161evn\u00e9ho vlastn\u00edctva (napr. ochrann\u00e1 zn\u00e1mka, ilustr\u00e1cie, dizajny a pod.) k produktom zna\u010dky Lingolandia, publikovan\u00fdm na str\u00e1nke www.playlingolandia.com a s\u00favisiacich str\u00e1nkach...","robots":{"index":"index","follow":"follow","max-snippet":"max-snippet:-1","max-image-preview":"max-image-preview:large","max-video-preview":"max-video-preview:-1"},"canonical":"https:\/\/lingolandia.sk\/en\/legal-provisions\/","og_locale":"en_US","og_type":"article","og_title":"Legal provisions | Lingolandia | Intellectual Property","og_description":"V\u0161etky autorsk\u00e9 pr\u00e1va a pr\u00e1va du\u0161evn\u00e9ho vlastn\u00edctva (napr. ochrann\u00e1 zn\u00e1mka, ilustr\u00e1cie, dizajny a pod.) k produktom zna\u010dky Lingolandia, publikovan\u00fdm na str\u00e1nke www.playlingolandia.com a s\u00favisiacich str\u00e1nkach...","og_url":"https:\/\/lingolandia.sk\/en\/legal-provisions\/","og_site_name":"Lingolandia","article_modified_time":"2021-10-12T13:03:44+00:00","og_image":[{"url":"https:\/\/playlingolandia.com\/wp-content\/uploads\/originalne-dobrodruzstvo.png"}],"twitter_card":"summary_large_image","twitter_misc":{"Est. reading time":"2 minutes"},"schema":{"@context":"https:\/\/schema.org","@graph":[{"@type":"WebPage","@id":"https:\/\/lingolandia.sk\/en\/legal-provisions\/","url":"https:\/\/lingolandia.sk\/en\/legal-provisions\/","name":"Legal provisions | Lingolandia | Intellectual Property","isPartOf":{"@id":"https:\/\/lingolandia.sk\/en\/#website"},"datePublished":"2021-10-12T13:03:25+00:00","dateModified":"2021-10-12T13:03:44+00:00","description":"V\u0161etky autorsk\u00e9 pr\u00e1va a pr\u00e1va du\u0161evn\u00e9ho vlastn\u00edctva (napr. ochrann\u00e1 zn\u00e1mka, ilustr\u00e1cie, dizajny a pod.) k produktom zna\u010dky Lingolandia, publikovan\u00fdm na str\u00e1nke www.playlingolandia.com a s\u00favisiacich str\u00e1nkach...","breadcrumb":{"@id":"https:\/\/lingolandia.sk\/en\/legal-provisions\/#breadcrumb"},"inLanguage":"en-US","potentialAction":[{"@type":"ReadAction","target":["https:\/\/lingolandia.sk\/en\/legal-provisions\/"]}]},{"@type":"BreadcrumbList","@id":"https:\/\/lingolandia.sk\/en\/legal-provisions\/#breadcrumb","itemListElement":[{"@type":"ListItem","position":1,"name":"Domovsk\u00e1 str\u00e1nka","item":"https:\/\/lingolandia.sk\/en\/"},{"@type":"ListItem","position":2,"name":"Legal provisions"}]},{"@type":"WebSite","@id":"https:\/\/lingolandia.sk\/en\/#website","url":"https:\/\/lingolandia.sk\/en\/","name":"Lingolandia","description":"multilingual game","potentialAction":[{"@type":"SearchAction","target":{"@type":"EntryPoint","urlTemplate":"https:\/\/lingolandia.sk\/en\/?s={search_term_string}"},"query-input":"required name=search_term_string"}],"inLanguage":"en-US"}]}},"_links":{"self":[{"href":"https:\/\/lingolandia.sk\/en\/wp-json\/wp\/v2\/pages\/932","targetHints":{"allow":["GET"]}}],"collection":[{"href":"https:\/\/lingolandia.sk\/en\/wp-json\/wp\/v2\/pages"}],"about":[{"href":"https:\/\/lingolandia.sk\/en\/wp-json\/wp\/v2\/types\/page"}],"author":[{"embeddable":true,"href":"https:\/\/lingolandia.sk\/en\/wp-json\/wp\/v2\/users\/1"}],"replies":[{"embeddable":true,"href":"https:\/\/lingolandia.sk\/en\/wp-json\/wp\/v2\/comments?post=932"}],"version-history":[{"count":3,"href":"https:\/\/lingolandia.sk\/en\/wp-json\/wp\/v2\/pages\/932\/revisions"}],"predecessor-version":[{"id":935,"href":"https:\/\/lingolandia.sk\/en\/wp-json\/wp\/v2\/pages\/932\/revisions\/935"}],"wp:attachment":[{"href":"https:\/\/lingolandia.sk\/en\/wp-json\/wp\/v2\/media?parent=932"}],"curies":[{"name":"wp","href":"https:\/\/api.w.org\/{rel}","templated":true}]}}