{"id":948,"date":"2021-07-12T13:18:48","date_gmt":"2021-10-12T13:09:49","guid":{"rendered":"https:\/\/playlingolandia.com\/produkt\/lingolandia-in-slovak-language\/"},"modified":"2021-10-12T15:09:51","modified_gmt":"2021-10-12T13:09:51","slug":"lingolandia-v-slovencine","status":"publish","type":"product","link":"https:\/\/lingolandia.sk\/en\/produkt\/lingolandia-v-slovencine\/","title":{"rendered":"Lingolandia in Slovak language"},"content":{"rendered":"<p>In addition to the basic alphabet, the Slovak version also contains letters typical of the Slovak language &#8211; \u010c, \u010e, D\u017d, CH, \u013d, \u0147, \u0160, \u0164, \u017d.<\/p>\n","protected":false},"excerpt":{"rendered":"<p>Lingolandia is a board game intended for the players of all ages who expect something more from a game.<\/p>\n","protected":false},"featured_media":885,"comment_status":"open","ping_status":"closed","template":"","meta":{"_mo_disable_npp":""},"product_cat":[33],"product_tag":[],"class_list":["post-948","product","type-product","status-publish","has-post-thumbnail","hentry","product_cat-uncategorized"],"yoast_head":"<!-- This site is optimized with the Yoast SEO plugin v19.10 - https:\/\/yoast.com\/wordpress\/plugins\/seo\/ -->\n<title>Lingolandia in Slovak language - Lingolandia<\/title>\n<meta name=\"robots\" content=\"index, follow, max-snippet:-1, max-image-preview:large, max-video-preview:-1\" \/>\n<link rel=\"canonical\" href=\"https:\/\/lingolandia.sk\/en\/produkt\/lingolandia-v-slovencine\/\" \/>\n<meta property=\"og:locale\" content=\"en_US\" \/>\n<meta property=\"og:type\" content=\"article\" \/>\n<meta property=\"og:title\" content=\"Lingolandia in Slovak language - Lingolandia\" \/>\n<meta property=\"og:description\" content=\"Lingolandia is a board game intended for the players of all ages who expect something more from a game.\" \/>\n<meta property=\"og:url\" content=\"https:\/\/lingolandia.sk\/en\/produkt\/lingolandia-v-slovencine\/\" \/>\n<meta property=\"og:site_name\" content=\"Lingolandia\" \/>\n<meta property=\"article:modified_time\" content=\"2021-10-12T13:09:51+00:00\" \/>\n<meta property=\"og:image\" content=\"https:\/\/lingolandia.sk\/wp-content\/uploads\/produkt-fotka.png\" \/>\n\t<meta property=\"og:image:width\" content=\"800\" \/>\n\t<meta property=\"og:image:height\" content=\"800\" \/>\n\t<meta property=\"og:image:type\" content=\"image\/png\" \/>\n<meta name=\"twitter:card\" content=\"summary_large_image\" \/>\n<script type=\"application\/ld+json\" class=\"yoast-schema-graph\">{\"@context\":\"https:\/\/schema.org\",\"@graph\":[{\"@type\":\"WebPage\",\"@id\":\"https:\/\/lingolandia.sk\/en\/produkt\/lingolandia-v-slovencine\/\",\"url\":\"https:\/\/lingolandia.sk\/en\/produkt\/lingolandia-v-slovencine\/\",\"name\":\"Lingolandia in Slovak language - Lingolandia\",\"isPartOf\":{\"@id\":\"https:\/\/lingolandia.sk\/en\/#website\"},\"datePublished\":\"2021-10-12T13:09:49+00:00\",\"dateModified\":\"2021-10-12T13:09:51+00:00\",\"breadcrumb\":{\"@id\":\"https:\/\/lingolandia.sk\/en\/produkt\/lingolandia-v-slovencine\/#breadcrumb\"},\"inLanguage\":\"en-US\",\"potentialAction\":[{\"@type\":\"ReadAction\",\"target\":[\"https:\/\/lingolandia.sk\/en\/produkt\/lingolandia-v-slovencine\/\"]}]},{\"@type\":\"BreadcrumbList\",\"@id\":\"https:\/\/lingolandia.sk\/en\/produkt\/lingolandia-v-slovencine\/#breadcrumb\",\"itemListElement\":[{\"@type\":\"ListItem\",\"position\":1,\"name\":\"Domovsk\u00e1 str\u00e1nka\",\"item\":\"https:\/\/lingolandia.sk\/en\/\"},{\"@type\":\"ListItem\",\"position\":2,\"name\":\"Shop\",\"item\":\"https:\/\/lingolandia.sk\/en\/shop\/\"},{\"@type\":\"ListItem\",\"position\":3,\"name\":\"Lingolandia in Slovak language\"}]},{\"@type\":\"WebSite\",\"@id\":\"https:\/\/lingolandia.sk\/en\/#website\",\"url\":\"https:\/\/lingolandia.sk\/en\/\",\"name\":\"Lingolandia\",\"description\":\"multilingual game\",\"potentialAction\":[{\"@type\":\"SearchAction\",\"target\":{\"@type\":\"EntryPoint\",\"urlTemplate\":\"https:\/\/lingolandia.sk\/en\/?s={search_term_string}\"},\"query-input\":\"required name=search_term_string\"}],\"inLanguage\":\"en-US\"}]}<\/script>\n<!-- \/ Yoast SEO plugin. -->","yoast_head_json":{"title":"Lingolandia in Slovak language - Lingolandia","robots":{"index":"index","follow":"follow","max-snippet":"max-snippet:-1","max-image-preview":"max-image-preview:large","max-video-preview":"max-video-preview:-1"},"canonical":"https:\/\/lingolandia.sk\/en\/produkt\/lingolandia-v-slovencine\/","og_locale":"en_US","og_type":"article","og_title":"Lingolandia in Slovak language - Lingolandia","og_description":"Lingolandia is a board game intended for the players of all ages who expect something more from a game.","og_url":"https:\/\/lingolandia.sk\/en\/produkt\/lingolandia-v-slovencine\/","og_site_name":"Lingolandia","article_modified_time":"2021-10-12T13:09:51+00:00","og_image":[{"width":800,"height":800,"url":"https:\/\/lingolandia.sk\/wp-content\/uploads\/produkt-fotka.png","type":"image\/png"}],"twitter_card":"summary_large_image","schema":{"@context":"https:\/\/schema.org","@graph":[{"@type":"WebPage","@id":"https:\/\/lingolandia.sk\/en\/produkt\/lingolandia-v-slovencine\/","url":"https:\/\/lingolandia.sk\/en\/produkt\/lingolandia-v-slovencine\/","name":"Lingolandia in Slovak language - Lingolandia","isPartOf":{"@id":"https:\/\/lingolandia.sk\/en\/#website"},"datePublished":"2021-10-12T13:09:49+00:00","dateModified":"2021-10-12T13:09:51+00:00","breadcrumb":{"@id":"https:\/\/lingolandia.sk\/en\/produkt\/lingolandia-v-slovencine\/#breadcrumb"},"inLanguage":"en-US","potentialAction":[{"@type":"ReadAction","target":["https:\/\/lingolandia.sk\/en\/produkt\/lingolandia-v-slovencine\/"]}]},{"@type":"BreadcrumbList","@id":"https:\/\/lingolandia.sk\/en\/produkt\/lingolandia-v-slovencine\/#breadcrumb","itemListElement":[{"@type":"ListItem","position":1,"name":"Domovsk\u00e1 str\u00e1nka","item":"https:\/\/lingolandia.sk\/en\/"},{"@type":"ListItem","position":2,"name":"Shop","item":"https:\/\/lingolandia.sk\/en\/shop\/"},{"@type":"ListItem","position":3,"name":"Lingolandia in Slovak language"}]},{"@type":"WebSite","@id":"https:\/\/lingolandia.sk\/en\/#website","url":"https:\/\/lingolandia.sk\/en\/","name":"Lingolandia","description":"multilingual game","potentialAction":[{"@type":"SearchAction","target":{"@type":"EntryPoint","urlTemplate":"https:\/\/lingolandia.sk\/en\/?s={search_term_string}"},"query-input":"required name=search_term_string"}],"inLanguage":"en-US"}]}},"_links":{"self":[{"href":"https:\/\/lingolandia.sk\/en\/wp-json\/wp\/v2\/product\/948","targetHints":{"allow":["GET"]}}],"collection":[{"href":"https:\/\/lingolandia.sk\/en\/wp-json\/wp\/v2\/product"}],"about":[{"href":"https:\/\/lingolandia.sk\/en\/wp-json\/wp\/v2\/types\/product"}],"replies":[{"embeddable":true,"href":"https:\/\/lingolandia.sk\/en\/wp-json\/wp\/v2\/comments?post=948"}],"wp:featuredmedia":[{"embeddable":true,"href":"https:\/\/lingolandia.sk\/en\/wp-json\/wp\/v2\/media\/885"}],"wp:attachment":[{"href":"https:\/\/lingolandia.sk\/en\/wp-json\/wp\/v2\/media?parent=948"}],"wp:term":[{"taxonomy":"product_cat","embeddable":true,"href":"https:\/\/lingolandia.sk\/en\/wp-json\/wp\/v2\/product_cat?post=948"},{"taxonomy":"product_tag","embeddable":true,"href":"https:\/\/lingolandia.sk\/en\/wp-json\/wp\/v2\/product_tag?post=948"}],"curies":[{"name":"wp","href":"https:\/\/api.w.org\/{rel}","templated":true}]}}